{"id":1096,"date":"2023-01-13T11:28:35","date_gmt":"2023-01-13T10:28:35","guid":{"rendered":"https:\/\/chateau-des-portes.bzh\/the-region-around-the-chateau-des-portes"},"modified":"2023-01-25T10:08:49","modified_gmt":"2023-01-25T09:08:49","slug":"the-region-around-the-chateau-des-portes","status":"publish","type":"page","link":"https:\/\/chateau-des-portes.bzh\/en\/the-region-around-the-chateau-des-portes","title":{"rendered":"The region around the Ch\u00e2teau des Portes"},"content":{"rendered":"\n<p>A haven of peace and tranquility not far from the historic town of <a href=\"https:\/\/fr.wikipedia.org\/wiki\/Lamballe\" target=\"_blank\" rel=\"noreferrer noopener\">Lamballe<\/a> and its region.<\/p>\n\n<p>Ideally located in the middle of the C\u00f4tes d&#8217;Armor in Brittany, 20 minutes from the Emerald Coast and the bay of St Brieuc and its natural reserve.<\/p>\n\n<figure class=\"wp-block-gallery has-nested-images columns-3 is-cropped wp-block-gallery-1 is-layout-flex wp-block-gallery-is-layout-flex\">\n<figure class=\"wp-block-image size-large\"><a href=\"https:\/\/chateau-des-portes.bzh\/wp-content\/uploads\/2022\/11\/chapelle-683x1024.jpg\"><img loading=\"lazy\" decoding=\"async\" width=\"683\" height=\"1024\" data-id=\"783\" src=\"https:\/\/chateau-des-portes.bzh\/wp-content\/uploads\/2022\/11\/chapelle-683x1024.jpg\" alt=\"Chapel\" class=\"wp-image-783\" srcset=\"https:\/\/chateau-des-portes.bzh\/wp-content\/uploads\/2022\/11\/chapelle-683x1024.jpg 683w, https:\/\/chateau-des-portes.bzh\/wp-content\/uploads\/2022\/11\/chapelle-200x300.jpg 200w, https:\/\/chateau-des-portes.bzh\/wp-content\/uploads\/2022\/11\/chapelle-768x1152.jpg 768w, https:\/\/chateau-des-portes.bzh\/wp-content\/uploads\/2022\/11\/chapelle-1024x1536.jpg 1024w, https:\/\/chateau-des-portes.bzh\/wp-content\/uploads\/2022\/11\/chapelle.jpg 1280w\" sizes=\"auto, (max-width: 683px) 100vw, 683px\" \/><\/a><\/figure>\n\n\n<figure class=\"wp-block-image size-large\"><a href=\"https:\/\/chateau-des-portes.bzh\/wp-content\/uploads\/2022\/11\/gr34-1024x683.jpg\"><img loading=\"lazy\" decoding=\"async\" width=\"1024\" height=\"683\" data-id=\"787\" src=\"https:\/\/chateau-des-portes.bzh\/wp-content\/uploads\/2022\/11\/gr34-1024x683.jpg\" alt=\"GR34\" class=\"wp-image-787\" srcset=\"https:\/\/chateau-des-portes.bzh\/wp-content\/uploads\/2022\/11\/gr34-1024x683.jpg 1024w, https:\/\/chateau-des-portes.bzh\/wp-content\/uploads\/2022\/11\/gr34-300x200.jpg 300w, https:\/\/chateau-des-portes.bzh\/wp-content\/uploads\/2022\/11\/gr34-768x512.jpg 768w, https:\/\/chateau-des-portes.bzh\/wp-content\/uploads\/2022\/11\/gr34-1536x1024.jpg 1536w, https:\/\/chateau-des-portes.bzh\/wp-content\/uploads\/2022\/11\/gr34.jpg 1920w\" sizes=\"auto, (max-width: 1024px) 100vw, 1024px\" \/><\/a><figcaption class=\"wp-element-caption\">GR 34<\/figcaption><\/figure>\n\n\n<figure class=\"wp-block-image size-large is-style-default\"><a href=\"https:\/\/chateau-des-portes.bzh\/wp-content\/uploads\/2022\/11\/la-latte-1024x768.jpg\"><img loading=\"lazy\" decoding=\"async\" width=\"1024\" height=\"768\" data-id=\"788\" src=\"https:\/\/chateau-des-portes.bzh\/wp-content\/uploads\/2022\/11\/la-latte-1024x768.jpg\" alt=\"Fort La Latte\" class=\"wp-image-788\" srcset=\"https:\/\/chateau-des-portes.bzh\/wp-content\/uploads\/2022\/11\/la-latte-1024x768.jpg 1024w, https:\/\/chateau-des-portes.bzh\/wp-content\/uploads\/2022\/11\/la-latte-300x225.jpg 300w, https:\/\/chateau-des-portes.bzh\/wp-content\/uploads\/2022\/11\/la-latte-768x576.jpg 768w, https:\/\/chateau-des-portes.bzh\/wp-content\/uploads\/2022\/11\/la-latte-1536x1152.jpg 1536w, https:\/\/chateau-des-portes.bzh\/wp-content\/uploads\/2022\/11\/la-latte.jpg 1920w\" sizes=\"auto, (max-width: 1024px) 100vw, 1024px\" \/><\/a><figcaption class=\"wp-element-caption\">Fort La Latte<\/figcaption><\/figure>\n\n\n<figure class=\"wp-block-image size-large\"><a href=\"https:\/\/chateau-des-portes.bzh\/wp-content\/uploads\/2022\/11\/paimpol-1024x683.jpg\"><img loading=\"lazy\" decoding=\"async\" width=\"1024\" height=\"683\" data-id=\"784\" src=\"https:\/\/chateau-des-portes.bzh\/wp-content\/uploads\/2022\/11\/paimpol-1024x683.jpg\" alt=\"Paimpol\" class=\"wp-image-784\" srcset=\"https:\/\/chateau-des-portes.bzh\/wp-content\/uploads\/2022\/11\/paimpol-1024x683.jpg 1024w, https:\/\/chateau-des-portes.bzh\/wp-content\/uploads\/2022\/11\/paimpol-300x200.jpg 300w, https:\/\/chateau-des-portes.bzh\/wp-content\/uploads\/2022\/11\/paimpol-768x512.jpg 768w, https:\/\/chateau-des-portes.bzh\/wp-content\/uploads\/2022\/11\/paimpol-1536x1024.jpg 1536w, https:\/\/chateau-des-portes.bzh\/wp-content\/uploads\/2022\/11\/paimpol.jpg 1920w\" sizes=\"auto, (max-width: 1024px) 100vw, 1024px\" \/><\/a><figcaption class=\"wp-element-caption\">Paimpol<\/figcaption><\/figure>\n\n\n<figure class=\"wp-block-image size-large\"><a href=\"https:\/\/chateau-des-portes.bzh\/wp-content\/uploads\/2022\/11\/pontarieux-1024x768.jpg\"><img loading=\"lazy\" decoding=\"async\" width=\"1024\" height=\"768\" data-id=\"786\" src=\"https:\/\/chateau-des-portes.bzh\/wp-content\/uploads\/2022\/11\/pontarieux-1024x768.jpg\" alt=\"Pontarieux\" class=\"wp-image-786\" srcset=\"https:\/\/chateau-des-portes.bzh\/wp-content\/uploads\/2022\/11\/pontarieux-1024x768.jpg 1024w, https:\/\/chateau-des-portes.bzh\/wp-content\/uploads\/2022\/11\/pontarieux-300x225.jpg 300w, https:\/\/chateau-des-portes.bzh\/wp-content\/uploads\/2022\/11\/pontarieux-768x576.jpg 768w, https:\/\/chateau-des-portes.bzh\/wp-content\/uploads\/2022\/11\/pontarieux-1536x1152.jpg 1536w, https:\/\/chateau-des-portes.bzh\/wp-content\/uploads\/2022\/11\/pontarieux.jpg 1920w\" sizes=\"auto, (max-width: 1024px) 100vw, 1024px\" \/><\/a><figcaption class=\"wp-element-caption\">Pontarieux<\/figcaption><\/figure>\n\n\n<figure class=\"wp-block-image size-large\"><a href=\"https:\/\/chateau-des-portes.bzh\/wp-content\/uploads\/2022\/11\/verdelet-1024x683.jpg\"><img loading=\"lazy\" decoding=\"async\" width=\"1024\" height=\"683\" data-id=\"785\" src=\"https:\/\/chateau-des-portes.bzh\/wp-content\/uploads\/2022\/11\/verdelet-1024x683.jpg\" alt=\"verdenet\" class=\"wp-image-785\" srcset=\"https:\/\/chateau-des-portes.bzh\/wp-content\/uploads\/2022\/11\/verdelet-1024x683.jpg 1024w, https:\/\/chateau-des-portes.bzh\/wp-content\/uploads\/2022\/11\/verdelet-300x200.jpg 300w, https:\/\/chateau-des-portes.bzh\/wp-content\/uploads\/2022\/11\/verdelet-768x512.jpg 768w, https:\/\/chateau-des-portes.bzh\/wp-content\/uploads\/2022\/11\/verdelet-1536x1024.jpg 1536w, https:\/\/chateau-des-portes.bzh\/wp-content\/uploads\/2022\/11\/verdelet.jpg 1920w\" sizes=\"auto, (max-width: 1024px) 100vw, 1024px\" \/><\/a><figcaption class=\"wp-element-caption\">Verdenet<\/figcaption><\/figure><\/figure>\n\n<p> The Grand Site de France Cap d&#8217;Erquy &#8211; Cap Fr\u00e9hel is located near the Ch\u00e2teau des Portes. You will be amazed by this breathtaking place and by Le Fort-la-Latte which dominates the sea. Breathtaking beaches and viewpoints follow one another along the customs officers&#8217; path.<\/p>\n\n<figure class=\"wp-block-gallery aligncenter has-nested-images columns-default is-cropped wp-block-gallery-2 is-layout-flex wp-block-gallery-is-layout-flex\">\n<figure class=\"wp-block-image size-large\"><a href=\"https:\/\/chateau-des-portes.bzh\/wp-content\/uploads\/2022\/11\/frehel-1024x576.jpg\"><img loading=\"lazy\" decoding=\"async\" width=\"1024\" height=\"576\" data-id=\"792\" src=\"https:\/\/chateau-des-portes.bzh\/wp-content\/uploads\/2022\/11\/frehel-1024x576.jpg\" alt=\"Fr&#xE9;hel\" class=\"wp-image-792\" srcset=\"https:\/\/chateau-des-portes.bzh\/wp-content\/uploads\/2022\/11\/frehel-1024x576.jpg 1024w, https:\/\/chateau-des-portes.bzh\/wp-content\/uploads\/2022\/11\/frehel-300x169.jpg 300w, https:\/\/chateau-des-portes.bzh\/wp-content\/uploads\/2022\/11\/frehel-768x432.jpg 768w, https:\/\/chateau-des-portes.bzh\/wp-content\/uploads\/2022\/11\/frehel-1536x864.jpg 1536w, https:\/\/chateau-des-portes.bzh\/wp-content\/uploads\/2022\/11\/frehel.jpg 1920w\" sizes=\"auto, (max-width: 1024px) 100vw, 1024px\" \/><\/a><figcaption class=\"wp-element-caption\">Fr\u00e9hel<\/figcaption><\/figure><\/figure>\n\n<p>Further north, you will find the C\u00f4te de Granit Rose and the C\u00f4te du Go\u00ebllo. The Bay of Paimpol condenses the variety of landscapes in Brittany.<\/p>\n\n<p><\/p>\n","protected":false},"excerpt":{"rendered":"<p>A haven of peace and tranquility not far from the historic town of Lamballe and its&#8230; <span class=\"moreLink\"><a href=\"https:\/\/chateau-des-portes.bzh\/en\/the-region-around-the-chateau-des-portes\">+<\/a><\/span><\/p>\n","protected":false},"author":1,"featured_media":0,"parent":0,"menu_order":0,"comment_status":"closed","ping_status":"closed","template":"","meta":{"_acf_changed":false,"footnotes":""},"categories":[],"tags":[],"class_list":["post-1096","page","type-page","status-publish","hentry"],"acf":[],"yoast_head":"<!-- This site is optimized with the Yoast SEO plugin v27.4 - https:\/\/yoast.com\/product\/yoast-seo-wordpress\/ -->\n<title>The region around the Ch\u00e2teau des Portes - Ch\u00e2teau des Portes<\/title>\n<meta name=\"description\" content=\"Discover the region around the Ch\u00e2teau des Portes via Erquy, Fr\u00e9hel, St Brieuc and its bay. Beautiful hikes await you\" \/>\n<meta name=\"robots\" content=\"index, follow, max-snippet:-1, max-image-preview:large, max-video-preview:-1\" \/>\n<link rel=\"canonical\" href=\"https:\/\/chateau-des-portes.bzh\/en\/the-region-around-the-chateau-des-portes\" \/>\n<meta property=\"og:locale\" content=\"en_US\" \/>\n<meta property=\"og:type\" content=\"article\" \/>\n<meta property=\"og:title\" content=\"The region around the Ch\u00e2teau des Portes - Ch\u00e2teau des Portes\" \/>\n<meta property=\"og:description\" content=\"Discover the region around the Ch\u00e2teau des Portes via Erquy, Fr\u00e9hel, St Brieuc and its bay. Beautiful hikes await you\" \/>\n<meta property=\"og:url\" content=\"https:\/\/chateau-des-portes.bzh\/en\/the-region-around-the-chateau-des-portes\" \/>\n<meta property=\"og:site_name\" content=\"Ch\u00e2teau des Portes\" \/>\n<meta property=\"article:modified_time\" content=\"2023-01-25T09:08:49+00:00\" \/>\n<meta property=\"og:image\" content=\"https:\/\/chateau-des-portes.bzh\/wp-content\/uploads\/2022\/11\/chapelle-683x1024.jpg\" \/>\n<meta name=\"twitter:card\" content=\"summary_large_image\" \/>\n<meta name=\"twitter:label1\" content=\"Est. reading time\" \/>\n\t<meta name=\"twitter:data1\" content=\"1 minute\" \/>\n<script type=\"application\/ld+json\" class=\"yoast-schema-graph\">{\"@context\":\"https:\\\/\\\/schema.org\",\"@graph\":[{\"@type\":\"WebPage\",\"@id\":\"https:\\\/\\\/chateau-des-portes.bzh\\\/en\\\/the-region-around-the-chateau-des-portes\",\"url\":\"https:\\\/\\\/chateau-des-portes.bzh\\\/en\\\/the-region-around-the-chateau-des-portes\",\"name\":\"The region around the Ch\u00e2teau des Portes - Ch\u00e2teau des Portes\",\"isPartOf\":{\"@id\":\"https:\\\/\\\/chateau-des-portes.bzh\\\/en#website\"},\"primaryImageOfPage\":{\"@id\":\"https:\\\/\\\/chateau-des-portes.bzh\\\/en\\\/the-region-around-the-chateau-des-portes#primaryimage\"},\"image\":{\"@id\":\"https:\\\/\\\/chateau-des-portes.bzh\\\/en\\\/the-region-around-the-chateau-des-portes#primaryimage\"},\"thumbnailUrl\":\"https:\\\/\\\/chateau-des-portes.bzh\\\/wp-content\\\/uploads\\\/2022\\\/11\\\/chapelle-683x1024.jpg\",\"datePublished\":\"2023-01-13T10:28:35+00:00\",\"dateModified\":\"2023-01-25T09:08:49+00:00\",\"description\":\"Discover the region around the Ch\u00e2teau des Portes via Erquy, Fr\u00e9hel, St Brieuc and its bay. Beautiful hikes await you\",\"breadcrumb\":{\"@id\":\"https:\\\/\\\/chateau-des-portes.bzh\\\/en\\\/the-region-around-the-chateau-des-portes#breadcrumb\"},\"inLanguage\":\"en-US\",\"potentialAction\":[{\"@type\":\"ReadAction\",\"target\":[\"https:\\\/\\\/chateau-des-portes.bzh\\\/en\\\/the-region-around-the-chateau-des-portes\"]}]},{\"@type\":\"ImageObject\",\"inLanguage\":\"en-US\",\"@id\":\"https:\\\/\\\/chateau-des-portes.bzh\\\/en\\\/the-region-around-the-chateau-des-portes#primaryimage\",\"url\":\"https:\\\/\\\/chateau-des-portes.bzh\\\/wp-content\\\/uploads\\\/2022\\\/11\\\/chapelle-683x1024.jpg\",\"contentUrl\":\"https:\\\/\\\/chateau-des-portes.bzh\\\/wp-content\\\/uploads\\\/2022\\\/11\\\/chapelle-683x1024.jpg\"},{\"@type\":\"BreadcrumbList\",\"@id\":\"https:\\\/\\\/chateau-des-portes.bzh\\\/en\\\/the-region-around-the-chateau-des-portes#breadcrumb\",\"itemListElement\":[{\"@type\":\"ListItem\",\"position\":1,\"name\":\"Accueil\",\"item\":\"https:\\\/\\\/chateau-des-portes.bzh\\\/en\"},{\"@type\":\"ListItem\",\"position\":2,\"name\":\"The region around the Ch\u00e2teau des Portes\"}]},{\"@type\":\"WebSite\",\"@id\":\"https:\\\/\\\/chateau-des-portes.bzh\\\/en#website\",\"url\":\"https:\\\/\\\/chateau-des-portes.bzh\\\/en\",\"name\":\"Ch\u00e2teau des Portes\",\"description\":\"Le ch\u00e2teau des Portes \u00e0 Noyal, Bretagne\",\"publisher\":{\"@id\":\"https:\\\/\\\/chateau-des-portes.bzh\\\/en#organization\"},\"potentialAction\":[{\"@type\":\"SearchAction\",\"target\":{\"@type\":\"EntryPoint\",\"urlTemplate\":\"https:\\\/\\\/chateau-des-portes.bzh\\\/en?s={search_term_string}\"},\"query-input\":{\"@type\":\"PropertyValueSpecification\",\"valueRequired\":true,\"valueName\":\"search_term_string\"}}],\"inLanguage\":\"en-US\"},{\"@type\":\"Organization\",\"@id\":\"https:\\\/\\\/chateau-des-portes.bzh\\\/en#organization\",\"name\":\"Ch\u00e2teau des Portes\",\"url\":\"https:\\\/\\\/chateau-des-portes.bzh\\\/en\",\"logo\":{\"@type\":\"ImageObject\",\"inLanguage\":\"en-US\",\"@id\":\"https:\\\/\\\/chateau-des-portes.bzh\\\/en#\\\/schema\\\/logo\\\/image\\\/\",\"url\":\"https:\\\/\\\/chateau-des-portes.bzh\\\/wp-content\\\/uploads\\\/2021\\\/02\\\/logo.jpg\",\"contentUrl\":\"https:\\\/\\\/chateau-des-portes.bzh\\\/wp-content\\\/uploads\\\/2021\\\/02\\\/logo.jpg\",\"width\":100,\"height\":73,\"caption\":\"Ch\u00e2teau des Portes\"},\"image\":{\"@id\":\"https:\\\/\\\/chateau-des-portes.bzh\\\/en#\\\/schema\\\/logo\\\/image\\\/\"}}]}<\/script>\n<!-- \/ Yoast SEO plugin. -->","yoast_head_json":{"title":"The region around the Ch\u00e2teau des Portes - Ch\u00e2teau des Portes","description":"Discover the region around the Ch\u00e2teau des Portes via Erquy, Fr\u00e9hel, St Brieuc and its bay. Beautiful hikes await you","robots":{"index":"index","follow":"follow","max-snippet":"max-snippet:-1","max-image-preview":"max-image-preview:large","max-video-preview":"max-video-preview:-1"},"canonical":"https:\/\/chateau-des-portes.bzh\/en\/the-region-around-the-chateau-des-portes","og_locale":"en_US","og_type":"article","og_title":"The region around the Ch\u00e2teau des Portes - Ch\u00e2teau des Portes","og_description":"Discover the region around the Ch\u00e2teau des Portes via Erquy, Fr\u00e9hel, St Brieuc and its bay. Beautiful hikes await you","og_url":"https:\/\/chateau-des-portes.bzh\/en\/the-region-around-the-chateau-des-portes","og_site_name":"Ch\u00e2teau des Portes","article_modified_time":"2023-01-25T09:08:49+00:00","og_image":[{"url":"https:\/\/chateau-des-portes.bzh\/wp-content\/uploads\/2022\/11\/chapelle-683x1024.jpg","type":"","width":"","height":""}],"twitter_card":"summary_large_image","twitter_misc":{"Est. reading time":"1 minute"},"schema":{"@context":"https:\/\/schema.org","@graph":[{"@type":"WebPage","@id":"https:\/\/chateau-des-portes.bzh\/en\/the-region-around-the-chateau-des-portes","url":"https:\/\/chateau-des-portes.bzh\/en\/the-region-around-the-chateau-des-portes","name":"The region around the Ch\u00e2teau des Portes - Ch\u00e2teau des Portes","isPartOf":{"@id":"https:\/\/chateau-des-portes.bzh\/en#website"},"primaryImageOfPage":{"@id":"https:\/\/chateau-des-portes.bzh\/en\/the-region-around-the-chateau-des-portes#primaryimage"},"image":{"@id":"https:\/\/chateau-des-portes.bzh\/en\/the-region-around-the-chateau-des-portes#primaryimage"},"thumbnailUrl":"https:\/\/chateau-des-portes.bzh\/wp-content\/uploads\/2022\/11\/chapelle-683x1024.jpg","datePublished":"2023-01-13T10:28:35+00:00","dateModified":"2023-01-25T09:08:49+00:00","description":"Discover the region around the Ch\u00e2teau des Portes via Erquy, Fr\u00e9hel, St Brieuc and its bay. Beautiful hikes await you","breadcrumb":{"@id":"https:\/\/chateau-des-portes.bzh\/en\/the-region-around-the-chateau-des-portes#breadcrumb"},"inLanguage":"en-US","potentialAction":[{"@type":"ReadAction","target":["https:\/\/chateau-des-portes.bzh\/en\/the-region-around-the-chateau-des-portes"]}]},{"@type":"ImageObject","inLanguage":"en-US","@id":"https:\/\/chateau-des-portes.bzh\/en\/the-region-around-the-chateau-des-portes#primaryimage","url":"https:\/\/chateau-des-portes.bzh\/wp-content\/uploads\/2022\/11\/chapelle-683x1024.jpg","contentUrl":"https:\/\/chateau-des-portes.bzh\/wp-content\/uploads\/2022\/11\/chapelle-683x1024.jpg"},{"@type":"BreadcrumbList","@id":"https:\/\/chateau-des-portes.bzh\/en\/the-region-around-the-chateau-des-portes#breadcrumb","itemListElement":[{"@type":"ListItem","position":1,"name":"Accueil","item":"https:\/\/chateau-des-portes.bzh\/en"},{"@type":"ListItem","position":2,"name":"The region around the Ch\u00e2teau des Portes"}]},{"@type":"WebSite","@id":"https:\/\/chateau-des-portes.bzh\/en#website","url":"https:\/\/chateau-des-portes.bzh\/en","name":"Ch\u00e2teau des Portes","description":"Le ch\u00e2teau des Portes \u00e0 Noyal, Bretagne","publisher":{"@id":"https:\/\/chateau-des-portes.bzh\/en#organization"},"potentialAction":[{"@type":"SearchAction","target":{"@type":"EntryPoint","urlTemplate":"https:\/\/chateau-des-portes.bzh\/en?s={search_term_string}"},"query-input":{"@type":"PropertyValueSpecification","valueRequired":true,"valueName":"search_term_string"}}],"inLanguage":"en-US"},{"@type":"Organization","@id":"https:\/\/chateau-des-portes.bzh\/en#organization","name":"Ch\u00e2teau des Portes","url":"https:\/\/chateau-des-portes.bzh\/en","logo":{"@type":"ImageObject","inLanguage":"en-US","@id":"https:\/\/chateau-des-portes.bzh\/en#\/schema\/logo\/image\/","url":"https:\/\/chateau-des-portes.bzh\/wp-content\/uploads\/2021\/02\/logo.jpg","contentUrl":"https:\/\/chateau-des-portes.bzh\/wp-content\/uploads\/2021\/02\/logo.jpg","width":100,"height":73,"caption":"Ch\u00e2teau des Portes"},"image":{"@id":"https:\/\/chateau-des-portes.bzh\/en#\/schema\/logo\/image\/"}}]}},"_links":{"self":[{"href":"https:\/\/chateau-des-portes.bzh\/en\/wp-json\/wp\/v2\/pages\/1096","targetHints":{"allow":["GET"]}}],"collection":[{"href":"https:\/\/chateau-des-portes.bzh\/en\/wp-json\/wp\/v2\/pages"}],"about":[{"href":"https:\/\/chateau-des-portes.bzh\/en\/wp-json\/wp\/v2\/types\/page"}],"author":[{"embeddable":true,"href":"https:\/\/chateau-des-portes.bzh\/en\/wp-json\/wp\/v2\/users\/1"}],"replies":[{"embeddable":true,"href":"https:\/\/chateau-des-portes.bzh\/en\/wp-json\/wp\/v2\/comments?post=1096"}],"version-history":[{"count":1,"href":"https:\/\/chateau-des-portes.bzh\/en\/wp-json\/wp\/v2\/pages\/1096\/revisions"}],"predecessor-version":[{"id":1097,"href":"https:\/\/chateau-des-portes.bzh\/en\/wp-json\/wp\/v2\/pages\/1096\/revisions\/1097"}],"wp:attachment":[{"href":"https:\/\/chateau-des-portes.bzh\/en\/wp-json\/wp\/v2\/media?parent=1096"}],"wp:term":[{"taxonomy":"category","embeddable":true,"href":"https:\/\/chateau-des-portes.bzh\/en\/wp-json\/wp\/v2\/categories?post=1096"},{"taxonomy":"post_tag","embeddable":true,"href":"https:\/\/chateau-des-portes.bzh\/en\/wp-json\/wp\/v2\/tags?post=1096"}],"curies":[{"name":"wp","href":"https:\/\/api.w.org\/{rel}","templated":true}]}}