{"id":1087,"date":"2021-06-20T13:32:34","date_gmt":"2021-06-20T11:32:34","guid":{"rendered":"https:\/\/chateau-des-portes.bzh\/contact"},"modified":"2026-03-31T13:20:02","modified_gmt":"2026-03-31T11:20:02","slug":"contact","status":"publish","type":"page","link":"https:\/\/chateau-des-portes.bzh\/en\/contact","title":{"rendered":"Contact"},"content":{"rendered":"\n<p>The guest rooms are managed by SARL Le Ch\u00e2teau des Portes (VAT FR69953969896)<\/p>\n\n<p>The Ch\u00e2teau des Portes 22400 Noyal France<\/p>\n\n\n<div class=\"wp-block-contact-form-7-contact-form-selector\">\n<div class=\"wpcf7 no-js\" id=\"wpcf7-f1086-o1\" lang=\"en-US\" dir=\"ltr\" data-wpcf7-id=\"1086\">\n<div class=\"screen-reader-response\"><p role=\"status\" aria-live=\"polite\" aria-atomic=\"true\"><\/p> <ul><\/ul><\/div>\n<form action=\"\/en\/wp-json\/wp\/v2\/pages\/1087#wpcf7-f1086-o1\" method=\"post\" class=\"wpcf7-form init\" aria-label=\"Contact form\" novalidate=\"novalidate\" data-status=\"init\">\n<fieldset class=\"hidden-fields-container\"><input type=\"hidden\" name=\"_wpcf7\" value=\"1086\" \/><input type=\"hidden\" name=\"_wpcf7_version\" value=\"6.1.5\" \/><input type=\"hidden\" name=\"_wpcf7_locale\" value=\"en_US\" \/><input type=\"hidden\" name=\"_wpcf7_unit_tag\" value=\"wpcf7-f1086-o1\" \/><input type=\"hidden\" name=\"_wpcf7_container_post\" value=\"0\" \/><input type=\"hidden\" name=\"_wpcf7_posted_data_hash\" value=\"\" \/>\n<\/fieldset>\n<p><label> Your name<br \/>\n<span class=\"wpcf7-form-control-wrap\" data-name=\"your-name\"><input size=\"40\" maxlength=\"400\" class=\"wpcf7-form-control wpcf7-text wpcf7-validates-as-required\" autocomplete=\"name\" aria-required=\"true\" aria-invalid=\"false\" value=\"\" type=\"text\" name=\"your-name\" \/><\/span> <\/label>\n<\/p>\n<p><label> Your email<br \/>\n<span class=\"wpcf7-form-control-wrap\" data-name=\"your-email\"><input size=\"40\" maxlength=\"400\" class=\"wpcf7-form-control wpcf7-email wpcf7-validates-as-required wpcf7-text wpcf7-validates-as-email\" autocomplete=\"email\" aria-required=\"true\" aria-invalid=\"false\" value=\"\" type=\"email\" name=\"your-email\" \/><\/span> <\/label>\n<\/p>\n<p><label> Subject<br \/>\n<span class=\"wpcf7-form-control-wrap\" data-name=\"your-subject\"><input size=\"40\" maxlength=\"400\" class=\"wpcf7-form-control wpcf7-text wpcf7-validates-as-required\" aria-required=\"true\" aria-invalid=\"false\" value=\"\" type=\"text\" name=\"your-subject\" \/><\/span> <\/label>\n<\/p>\n<p><label> Your message (optional)<br \/>\n<span class=\"wpcf7-form-control-wrap\" data-name=\"your-message\"><textarea cols=\"40\" rows=\"10\" maxlength=\"2000\" class=\"wpcf7-form-control wpcf7-textarea\" aria-invalid=\"false\" name=\"your-message\"><\/textarea><\/span> <\/label>\n<\/p>\n<p><input class=\"wpcf7-form-control wpcf7-submit has-spinner\" type=\"submit\" value=\"Submit\" \/>\n<\/p><div class=\"wpcf7-response-output\" aria-hidden=\"true\"><\/div>\n<\/form>\n<\/div>\n<\/div>\n\n<div class=\"wp-block-columns is-layout-flex wp-container-core-columns-is-layout-9d6595d7 wp-block-columns-is-layout-flex\"><\/div>\n\n<p><\/p>\n","protected":false},"excerpt":{"rendered":"<p>The guest rooms are managed by SARL Le Ch\u00e2teau des Portes (VAT FR69953969896) The Ch\u00e2teau des&#8230; <span class=\"moreLink\"><a href=\"https:\/\/chateau-des-portes.bzh\/en\/contact\">+<\/a><\/span><\/p>\n","protected":false},"author":1,"featured_media":0,"parent":0,"menu_order":0,"comment_status":"closed","ping_status":"closed","template":"","meta":{"_acf_changed":false,"footnotes":""},"categories":[],"tags":[],"class_list":["post-1087","page","type-page","status-publish","hentry"],"acf":[],"yoast_head":"<!-- This site is optimized with the Yoast SEO plugin v27.4 - https:\/\/yoast.com\/product\/yoast-seo-wordpress\/ -->\n<title>Contact - Ch\u00e2teau des Portes<\/title>\n<meta name=\"description\" content=\"The Ch\u00e2teau des Portes. Contact us to find out more about the castle, the park, the region...\" \/>\n<meta name=\"robots\" content=\"index, follow, max-snippet:-1, max-image-preview:large, max-video-preview:-1\" \/>\n<link rel=\"canonical\" href=\"https:\/\/chateau-des-portes.bzh\/en\/contact\" \/>\n<meta property=\"og:locale\" content=\"en_US\" \/>\n<meta property=\"og:type\" content=\"article\" \/>\n<meta property=\"og:title\" content=\"Contact - Ch\u00e2teau des Portes\" \/>\n<meta property=\"og:description\" content=\"The Ch\u00e2teau des Portes. Contact us to find out more about the castle, the park, the region...\" \/>\n<meta property=\"og:url\" content=\"https:\/\/chateau-des-portes.bzh\/en\/contact\" \/>\n<meta property=\"og:site_name\" content=\"Ch\u00e2teau des Portes\" \/>\n<meta property=\"article:modified_time\" content=\"2026-03-31T11:20:02+00:00\" \/>\n<meta name=\"twitter:card\" content=\"summary_large_image\" \/>\n<script type=\"application\/ld+json\" class=\"yoast-schema-graph\">{\"@context\":\"https:\\\/\\\/schema.org\",\"@graph\":[{\"@type\":\"WebPage\",\"@id\":\"https:\\\/\\\/chateau-des-portes.bzh\\\/en\\\/contact\",\"url\":\"https:\\\/\\\/chateau-des-portes.bzh\\\/en\\\/contact\",\"name\":\"Contact - Ch\u00e2teau des Portes\",\"isPartOf\":{\"@id\":\"https:\\\/\\\/chateau-des-portes.bzh\\\/en#website\"},\"datePublished\":\"2021-06-20T11:32:34+00:00\",\"dateModified\":\"2026-03-31T11:20:02+00:00\",\"description\":\"The Ch\u00e2teau des Portes. Contact us to find out more about the castle, the park, the region...\",\"breadcrumb\":{\"@id\":\"https:\\\/\\\/chateau-des-portes.bzh\\\/en\\\/contact#breadcrumb\"},\"inLanguage\":\"en-US\",\"potentialAction\":[{\"@type\":\"ReadAction\",\"target\":[\"https:\\\/\\\/chateau-des-portes.bzh\\\/en\\\/contact\"]}]},{\"@type\":\"BreadcrumbList\",\"@id\":\"https:\\\/\\\/chateau-des-portes.bzh\\\/en\\\/contact#breadcrumb\",\"itemListElement\":[{\"@type\":\"ListItem\",\"position\":1,\"name\":\"Accueil\",\"item\":\"https:\\\/\\\/chateau-des-portes.bzh\\\/en\"},{\"@type\":\"ListItem\",\"position\":2,\"name\":\"Contact\"}]},{\"@type\":\"WebSite\",\"@id\":\"https:\\\/\\\/chateau-des-portes.bzh\\\/en#website\",\"url\":\"https:\\\/\\\/chateau-des-portes.bzh\\\/en\",\"name\":\"Ch\u00e2teau des Portes\",\"description\":\"Le ch\u00e2teau des Portes \u00e0 Noyal, Bretagne\",\"publisher\":{\"@id\":\"https:\\\/\\\/chateau-des-portes.bzh\\\/en#organization\"},\"potentialAction\":[{\"@type\":\"SearchAction\",\"target\":{\"@type\":\"EntryPoint\",\"urlTemplate\":\"https:\\\/\\\/chateau-des-portes.bzh\\\/en?s={search_term_string}\"},\"query-input\":{\"@type\":\"PropertyValueSpecification\",\"valueRequired\":true,\"valueName\":\"search_term_string\"}}],\"inLanguage\":\"en-US\"},{\"@type\":\"Organization\",\"@id\":\"https:\\\/\\\/chateau-des-portes.bzh\\\/en#organization\",\"name\":\"Ch\u00e2teau des Portes\",\"url\":\"https:\\\/\\\/chateau-des-portes.bzh\\\/en\",\"logo\":{\"@type\":\"ImageObject\",\"inLanguage\":\"en-US\",\"@id\":\"https:\\\/\\\/chateau-des-portes.bzh\\\/en#\\\/schema\\\/logo\\\/image\\\/\",\"url\":\"https:\\\/\\\/chateau-des-portes.bzh\\\/wp-content\\\/uploads\\\/2021\\\/02\\\/logo.jpg\",\"contentUrl\":\"https:\\\/\\\/chateau-des-portes.bzh\\\/wp-content\\\/uploads\\\/2021\\\/02\\\/logo.jpg\",\"width\":100,\"height\":73,\"caption\":\"Ch\u00e2teau des Portes\"},\"image\":{\"@id\":\"https:\\\/\\\/chateau-des-portes.bzh\\\/en#\\\/schema\\\/logo\\\/image\\\/\"}}]}<\/script>\n<!-- \/ Yoast SEO plugin. -->","yoast_head_json":{"title":"Contact - Ch\u00e2teau des Portes","description":"The Ch\u00e2teau des Portes. Contact us to find out more about the castle, the park, the region...","robots":{"index":"index","follow":"follow","max-snippet":"max-snippet:-1","max-image-preview":"max-image-preview:large","max-video-preview":"max-video-preview:-1"},"canonical":"https:\/\/chateau-des-portes.bzh\/en\/contact","og_locale":"en_US","og_type":"article","og_title":"Contact - Ch\u00e2teau des Portes","og_description":"The Ch\u00e2teau des Portes. Contact us to find out more about the castle, the park, the region...","og_url":"https:\/\/chateau-des-portes.bzh\/en\/contact","og_site_name":"Ch\u00e2teau des Portes","article_modified_time":"2026-03-31T11:20:02+00:00","twitter_card":"summary_large_image","schema":{"@context":"https:\/\/schema.org","@graph":[{"@type":"WebPage","@id":"https:\/\/chateau-des-portes.bzh\/en\/contact","url":"https:\/\/chateau-des-portes.bzh\/en\/contact","name":"Contact - Ch\u00e2teau des Portes","isPartOf":{"@id":"https:\/\/chateau-des-portes.bzh\/en#website"},"datePublished":"2021-06-20T11:32:34+00:00","dateModified":"2026-03-31T11:20:02+00:00","description":"The Ch\u00e2teau des Portes. Contact us to find out more about the castle, the park, the region...","breadcrumb":{"@id":"https:\/\/chateau-des-portes.bzh\/en\/contact#breadcrumb"},"inLanguage":"en-US","potentialAction":[{"@type":"ReadAction","target":["https:\/\/chateau-des-portes.bzh\/en\/contact"]}]},{"@type":"BreadcrumbList","@id":"https:\/\/chateau-des-portes.bzh\/en\/contact#breadcrumb","itemListElement":[{"@type":"ListItem","position":1,"name":"Accueil","item":"https:\/\/chateau-des-portes.bzh\/en"},{"@type":"ListItem","position":2,"name":"Contact"}]},{"@type":"WebSite","@id":"https:\/\/chateau-des-portes.bzh\/en#website","url":"https:\/\/chateau-des-portes.bzh\/en","name":"Ch\u00e2teau des Portes","description":"Le ch\u00e2teau des Portes \u00e0 Noyal, Bretagne","publisher":{"@id":"https:\/\/chateau-des-portes.bzh\/en#organization"},"potentialAction":[{"@type":"SearchAction","target":{"@type":"EntryPoint","urlTemplate":"https:\/\/chateau-des-portes.bzh\/en?s={search_term_string}"},"query-input":{"@type":"PropertyValueSpecification","valueRequired":true,"valueName":"search_term_string"}}],"inLanguage":"en-US"},{"@type":"Organization","@id":"https:\/\/chateau-des-portes.bzh\/en#organization","name":"Ch\u00e2teau des Portes","url":"https:\/\/chateau-des-portes.bzh\/en","logo":{"@type":"ImageObject","inLanguage":"en-US","@id":"https:\/\/chateau-des-portes.bzh\/en#\/schema\/logo\/image\/","url":"https:\/\/chateau-des-portes.bzh\/wp-content\/uploads\/2021\/02\/logo.jpg","contentUrl":"https:\/\/chateau-des-portes.bzh\/wp-content\/uploads\/2021\/02\/logo.jpg","width":100,"height":73,"caption":"Ch\u00e2teau des Portes"},"image":{"@id":"https:\/\/chateau-des-portes.bzh\/en#\/schema\/logo\/image\/"}}]}},"_links":{"self":[{"href":"https:\/\/chateau-des-portes.bzh\/en\/wp-json\/wp\/v2\/pages\/1087","targetHints":{"allow":["GET"]}}],"collection":[{"href":"https:\/\/chateau-des-portes.bzh\/en\/wp-json\/wp\/v2\/pages"}],"about":[{"href":"https:\/\/chateau-des-portes.bzh\/en\/wp-json\/wp\/v2\/types\/page"}],"author":[{"embeddable":true,"href":"https:\/\/chateau-des-portes.bzh\/en\/wp-json\/wp\/v2\/users\/1"}],"replies":[{"embeddable":true,"href":"https:\/\/chateau-des-portes.bzh\/en\/wp-json\/wp\/v2\/comments?post=1087"}],"version-history":[{"count":8,"href":"https:\/\/chateau-des-portes.bzh\/en\/wp-json\/wp\/v2\/pages\/1087\/revisions"}],"predecessor-version":[{"id":1895,"href":"https:\/\/chateau-des-portes.bzh\/en\/wp-json\/wp\/v2\/pages\/1087\/revisions\/1895"}],"wp:attachment":[{"href":"https:\/\/chateau-des-portes.bzh\/en\/wp-json\/wp\/v2\/media?parent=1087"}],"wp:term":[{"taxonomy":"category","embeddable":true,"href":"https:\/\/chateau-des-portes.bzh\/en\/wp-json\/wp\/v2\/categories?post=1087"},{"taxonomy":"post_tag","embeddable":true,"href":"https:\/\/chateau-des-portes.bzh\/en\/wp-json\/wp\/v2\/tags?post=1087"}],"curies":[{"name":"wp","href":"https:\/\/api.w.org\/{rel}","templated":true}]}}