{"id":1081,"date":"2023-01-13T09:53:45","date_gmt":"2023-01-13T08:53:45","guid":{"rendered":"https:\/\/chateau-des-portes.bzh\/story"},"modified":"2026-03-06T14:01:29","modified_gmt":"2026-03-06T13:01:29","slug":"history","status":"publish","type":"page","link":"https:\/\/chateau-des-portes.bzh\/en\/history","title":{"rendered":"History"},"content":{"rendered":"\n<p>The Ch\u00e2teau des Portes began its history in the early 1840s when it was built on virgin land of any construction by Marie Fran\u00e7ois Louis Haugoumar and his wife Am\u00e9lie le Gogal de Toulgo\u00ebt.<\/p>\n\n<p>Their daughter Th\u00e9odora Haugoumar des Portes married Ronan Huon de Kermadec in 1874. Together they take over the domain which will be transmitted over several generations.<\/p>\n<div class=\"wp-block-image\">\n<figure class=\"aligncenter size-full is-resized\"><img loading=\"lazy\" decoding=\"async\" src=\"https:\/\/chateau-des-portes.bzh\/wp-content\/uploads\/2022\/11\/image.png\" alt=\"The first owners\" class=\"wp-image-822\" width=\"390\" height=\"568\" srcset=\"https:\/\/chateau-des-portes.bzh\/wp-content\/uploads\/2022\/11\/image.png 614w, https:\/\/chateau-des-portes.bzh\/wp-content\/uploads\/2022\/11\/image-206x300.png 206w\" sizes=\"auto, (max-width: 390px) 100vw, 390px\" \/><figcaption class=\"wp-element-caption\">Marie Fran\u00e7ois Louis Haugoumar and his wife Am\u00e9lie le Gogal de Toulgo\u00ebt<br \/>Their children Marie, Charles C\u00e9lestin Marie, Georges Joseph and their twin daughters Am\u00e9lie and Th\u00e9odora<\/figcaption><\/figure>\n<\/div>\n<p>Ch\u00e2teau des Portes will remain in the same family until 2021. A new chapter is written in the history of the Ch\u00e2teau des Portes when the Andru\u00e9tan &#8211; Zimmelov\u00e1 family takes it over.<\/p>\n\n<p>In 2012, the Ch\u00e2teau des Portes was added to the list of historical monuments.<\/p>\n\n<blockquote class=\"wp-block-quote is-layout-flow wp-block-quote-is-layout-flow\">\n<p>In the Neoclassical style, it has a cubic volume dominated by a four-sided roof. The main elevations have avant-corps as well as straight or semi-circular openings. Inside, the rooms are arranged on either side of a transverse corridor and each floor is assigned a specific use. The entire building offers a homogeneous and well-preserved appearance. The residence is surrounded by a fairly simple park which has retained its original layout with a long avenue and its small drop-over bordering a semi-circular entrance courtyard.<\/p>\n\n\n\n<p><\/p>\n<cite>source : <a href=\"https:\/\/monumentum.fr\/chateau-des-portes-pa22000036.html\" target=\"_blank\" rel=\"noreferrer noopener\"> Monumentum<\/a><\/cite><\/blockquote>\n\n<p>The heritage interest of this homogeneous and well-preserved residence lies in particular in its neo-Palladian typology and its ex nihilo location.<\/p>\n\n<p>Historically the building was used as a secondary summer residence. In the future, the Ch\u00e2teau des Portes will be inhabited all year round and will offer guest rooms as well as a table d&#8217;h\u00f4tes.<\/p>\n<div class=\"wp-block-image\">\n<figure class=\"aligncenter size-full\"><img loading=\"lazy\" decoding=\"async\" width=\"800\" height=\"600\" src=\"https:\/\/chateau-des-portes.bzh\/wp-content\/uploads\/2022\/08\/pa22000036-chateau-des-portes.jpg\" alt=\"South facade of the Ch&#xE2;teau des Portes\" class=\"wp-image-706\" srcset=\"https:\/\/chateau-des-portes.bzh\/wp-content\/uploads\/2022\/08\/pa22000036-chateau-des-portes.jpg 800w, https:\/\/chateau-des-portes.bzh\/wp-content\/uploads\/2022\/08\/pa22000036-chateau-des-portes-300x225.jpg 300w, https:\/\/chateau-des-portes.bzh\/wp-content\/uploads\/2022\/08\/pa22000036-chateau-des-portes-768x576.jpg 768w\" sizes=\"auto, (max-width: 800px) 100vw, 800px\" \/><figcaption class=\"wp-element-caption\"><small><small>Photo credit: Th\u00e9r\u00e8se Gaig\u00e9 &#8211; Under Creative <a href=\"http:\/\/creativecommons.org\/licenses\/by-sa\/4.0\/deed.fr\" target=\"_blank\" rel=\"noreferrer noopener\">Commons license<\/a><\/small><\/small><\/figcaption><\/figure>\n<\/div>\n<p><\/p>\n\n<p><\/p>\n","protected":false},"excerpt":{"rendered":"<p>The Ch\u00e2teau des Portes began its history in the early 1840s when it was built on&#8230; <span class=\"moreLink\"><a href=\"https:\/\/chateau-des-portes.bzh\/en\/history\">+<\/a><\/span><\/p>\n","protected":false},"author":1,"featured_media":0,"parent":0,"menu_order":0,"comment_status":"closed","ping_status":"closed","template":"","meta":{"_acf_changed":false,"footnotes":""},"categories":[],"tags":[],"class_list":["post-1081","page","type-page","status-publish","hentry"],"acf":[],"yoast_head":"<!-- This site is optimized with the Yoast SEO plugin v27.4 - https:\/\/yoast.com\/product\/yoast-seo-wordpress\/ -->\n<title>History - Ch\u00e2teau des Portes<\/title>\n<meta name=\"description\" content=\"The history of the Ch\u00e2teau des Portes since its construction by Marie-Fran\u00e7ois Haugoumar until today.\" \/>\n<meta name=\"robots\" content=\"index, follow, max-snippet:-1, max-image-preview:large, max-video-preview:-1\" \/>\n<link rel=\"canonical\" href=\"https:\/\/chateau-des-portes.bzh\/en\/history\" \/>\n<meta property=\"og:locale\" content=\"en_US\" \/>\n<meta property=\"og:type\" content=\"article\" \/>\n<meta property=\"og:title\" content=\"History - Ch\u00e2teau des Portes\" \/>\n<meta property=\"og:description\" content=\"The history of the Ch\u00e2teau des Portes since its construction by Marie-Fran\u00e7ois Haugoumar until today.\" \/>\n<meta property=\"og:url\" content=\"https:\/\/chateau-des-portes.bzh\/en\/history\" \/>\n<meta property=\"og:site_name\" content=\"Ch\u00e2teau des Portes\" \/>\n<meta property=\"article:modified_time\" content=\"2026-03-06T13:01:29+00:00\" \/>\n<meta property=\"og:image\" content=\"https:\/\/chateau-des-portes.bzh\/wp-content\/uploads\/2022\/11\/image.png\" \/>\n\t<meta property=\"og:image:width\" content=\"614\" \/>\n\t<meta property=\"og:image:height\" content=\"894\" \/>\n\t<meta property=\"og:image:type\" content=\"image\/png\" \/>\n<meta name=\"twitter:card\" content=\"summary_large_image\" \/>\n<meta name=\"twitter:label1\" content=\"Est. reading time\" \/>\n\t<meta name=\"twitter:data1\" content=\"1 minute\" \/>\n<script type=\"application\/ld+json\" class=\"yoast-schema-graph\">{\"@context\":\"https:\\\/\\\/schema.org\",\"@graph\":[{\"@type\":\"WebPage\",\"@id\":\"https:\\\/\\\/chateau-des-portes.bzh\\\/en\\\/history\",\"url\":\"https:\\\/\\\/chateau-des-portes.bzh\\\/en\\\/history\",\"name\":\"History - Ch\u00e2teau des Portes\",\"isPartOf\":{\"@id\":\"https:\\\/\\\/chateau-des-portes.bzh\\\/en#website\"},\"primaryImageOfPage\":{\"@id\":\"https:\\\/\\\/chateau-des-portes.bzh\\\/en\\\/history#primaryimage\"},\"image\":{\"@id\":\"https:\\\/\\\/chateau-des-portes.bzh\\\/en\\\/history#primaryimage\"},\"thumbnailUrl\":\"https:\\\/\\\/chateau-des-portes.bzh\\\/wp-content\\\/uploads\\\/2022\\\/11\\\/image.png\",\"datePublished\":\"2023-01-13T08:53:45+00:00\",\"dateModified\":\"2026-03-06T13:01:29+00:00\",\"description\":\"The history of the Ch\u00e2teau des Portes since its construction by Marie-Fran\u00e7ois Haugoumar until today.\",\"breadcrumb\":{\"@id\":\"https:\\\/\\\/chateau-des-portes.bzh\\\/en\\\/history#breadcrumb\"},\"inLanguage\":\"en-US\",\"potentialAction\":[{\"@type\":\"ReadAction\",\"target\":[\"https:\\\/\\\/chateau-des-portes.bzh\\\/en\\\/history\"]}]},{\"@type\":\"ImageObject\",\"inLanguage\":\"en-US\",\"@id\":\"https:\\\/\\\/chateau-des-portes.bzh\\\/en\\\/history#primaryimage\",\"url\":\"https:\\\/\\\/chateau-des-portes.bzh\\\/wp-content\\\/uploads\\\/2022\\\/11\\\/image.png\",\"contentUrl\":\"https:\\\/\\\/chateau-des-portes.bzh\\\/wp-content\\\/uploads\\\/2022\\\/11\\\/image.png\"},{\"@type\":\"BreadcrumbList\",\"@id\":\"https:\\\/\\\/chateau-des-portes.bzh\\\/en\\\/history#breadcrumb\",\"itemListElement\":[{\"@type\":\"ListItem\",\"position\":1,\"name\":\"Accueil\",\"item\":\"https:\\\/\\\/chateau-des-portes.bzh\\\/en\"},{\"@type\":\"ListItem\",\"position\":2,\"name\":\"History\"}]},{\"@type\":\"WebSite\",\"@id\":\"https:\\\/\\\/chateau-des-portes.bzh\\\/en#website\",\"url\":\"https:\\\/\\\/chateau-des-portes.bzh\\\/en\",\"name\":\"Ch\u00e2teau des Portes\",\"description\":\"Le ch\u00e2teau des Portes \u00e0 Noyal, Bretagne\",\"publisher\":{\"@id\":\"https:\\\/\\\/chateau-des-portes.bzh\\\/en#organization\"},\"potentialAction\":[{\"@type\":\"SearchAction\",\"target\":{\"@type\":\"EntryPoint\",\"urlTemplate\":\"https:\\\/\\\/chateau-des-portes.bzh\\\/en?s={search_term_string}\"},\"query-input\":{\"@type\":\"PropertyValueSpecification\",\"valueRequired\":true,\"valueName\":\"search_term_string\"}}],\"inLanguage\":\"en-US\"},{\"@type\":\"Organization\",\"@id\":\"https:\\\/\\\/chateau-des-portes.bzh\\\/en#organization\",\"name\":\"Ch\u00e2teau des Portes\",\"url\":\"https:\\\/\\\/chateau-des-portes.bzh\\\/en\",\"logo\":{\"@type\":\"ImageObject\",\"inLanguage\":\"en-US\",\"@id\":\"https:\\\/\\\/chateau-des-portes.bzh\\\/en#\\\/schema\\\/logo\\\/image\\\/\",\"url\":\"https:\\\/\\\/chateau-des-portes.bzh\\\/wp-content\\\/uploads\\\/2021\\\/02\\\/logo.jpg\",\"contentUrl\":\"https:\\\/\\\/chateau-des-portes.bzh\\\/wp-content\\\/uploads\\\/2021\\\/02\\\/logo.jpg\",\"width\":100,\"height\":73,\"caption\":\"Ch\u00e2teau des Portes\"},\"image\":{\"@id\":\"https:\\\/\\\/chateau-des-portes.bzh\\\/en#\\\/schema\\\/logo\\\/image\\\/\"}}]}<\/script>\n<!-- \/ Yoast SEO plugin. -->","yoast_head_json":{"title":"History - Ch\u00e2teau des Portes","description":"The history of the Ch\u00e2teau des Portes since its construction by Marie-Fran\u00e7ois Haugoumar until today.","robots":{"index":"index","follow":"follow","max-snippet":"max-snippet:-1","max-image-preview":"max-image-preview:large","max-video-preview":"max-video-preview:-1"},"canonical":"https:\/\/chateau-des-portes.bzh\/en\/history","og_locale":"en_US","og_type":"article","og_title":"History - Ch\u00e2teau des Portes","og_description":"The history of the Ch\u00e2teau des Portes since its construction by Marie-Fran\u00e7ois Haugoumar until today.","og_url":"https:\/\/chateau-des-portes.bzh\/en\/history","og_site_name":"Ch\u00e2teau des Portes","article_modified_time":"2026-03-06T13:01:29+00:00","og_image":[{"width":614,"height":894,"url":"https:\/\/chateau-des-portes.bzh\/wp-content\/uploads\/2022\/11\/image.png","type":"image\/png"}],"twitter_card":"summary_large_image","twitter_misc":{"Est. reading time":"1 minute"},"schema":{"@context":"https:\/\/schema.org","@graph":[{"@type":"WebPage","@id":"https:\/\/chateau-des-portes.bzh\/en\/history","url":"https:\/\/chateau-des-portes.bzh\/en\/history","name":"History - Ch\u00e2teau des Portes","isPartOf":{"@id":"https:\/\/chateau-des-portes.bzh\/en#website"},"primaryImageOfPage":{"@id":"https:\/\/chateau-des-portes.bzh\/en\/history#primaryimage"},"image":{"@id":"https:\/\/chateau-des-portes.bzh\/en\/history#primaryimage"},"thumbnailUrl":"https:\/\/chateau-des-portes.bzh\/wp-content\/uploads\/2022\/11\/image.png","datePublished":"2023-01-13T08:53:45+00:00","dateModified":"2026-03-06T13:01:29+00:00","description":"The history of the Ch\u00e2teau des Portes since its construction by Marie-Fran\u00e7ois Haugoumar until today.","breadcrumb":{"@id":"https:\/\/chateau-des-portes.bzh\/en\/history#breadcrumb"},"inLanguage":"en-US","potentialAction":[{"@type":"ReadAction","target":["https:\/\/chateau-des-portes.bzh\/en\/history"]}]},{"@type":"ImageObject","inLanguage":"en-US","@id":"https:\/\/chateau-des-portes.bzh\/en\/history#primaryimage","url":"https:\/\/chateau-des-portes.bzh\/wp-content\/uploads\/2022\/11\/image.png","contentUrl":"https:\/\/chateau-des-portes.bzh\/wp-content\/uploads\/2022\/11\/image.png"},{"@type":"BreadcrumbList","@id":"https:\/\/chateau-des-portes.bzh\/en\/history#breadcrumb","itemListElement":[{"@type":"ListItem","position":1,"name":"Accueil","item":"https:\/\/chateau-des-portes.bzh\/en"},{"@type":"ListItem","position":2,"name":"History"}]},{"@type":"WebSite","@id":"https:\/\/chateau-des-portes.bzh\/en#website","url":"https:\/\/chateau-des-portes.bzh\/en","name":"Ch\u00e2teau des Portes","description":"Le ch\u00e2teau des Portes \u00e0 Noyal, Bretagne","publisher":{"@id":"https:\/\/chateau-des-portes.bzh\/en#organization"},"potentialAction":[{"@type":"SearchAction","target":{"@type":"EntryPoint","urlTemplate":"https:\/\/chateau-des-portes.bzh\/en?s={search_term_string}"},"query-input":{"@type":"PropertyValueSpecification","valueRequired":true,"valueName":"search_term_string"}}],"inLanguage":"en-US"},{"@type":"Organization","@id":"https:\/\/chateau-des-portes.bzh\/en#organization","name":"Ch\u00e2teau des Portes","url":"https:\/\/chateau-des-portes.bzh\/en","logo":{"@type":"ImageObject","inLanguage":"en-US","@id":"https:\/\/chateau-des-portes.bzh\/en#\/schema\/logo\/image\/","url":"https:\/\/chateau-des-portes.bzh\/wp-content\/uploads\/2021\/02\/logo.jpg","contentUrl":"https:\/\/chateau-des-portes.bzh\/wp-content\/uploads\/2021\/02\/logo.jpg","width":100,"height":73,"caption":"Ch\u00e2teau des Portes"},"image":{"@id":"https:\/\/chateau-des-portes.bzh\/en#\/schema\/logo\/image\/"}}]}},"_links":{"self":[{"href":"https:\/\/chateau-des-portes.bzh\/en\/wp-json\/wp\/v2\/pages\/1081","targetHints":{"allow":["GET"]}}],"collection":[{"href":"https:\/\/chateau-des-portes.bzh\/en\/wp-json\/wp\/v2\/pages"}],"about":[{"href":"https:\/\/chateau-des-portes.bzh\/en\/wp-json\/wp\/v2\/types\/page"}],"author":[{"embeddable":true,"href":"https:\/\/chateau-des-portes.bzh\/en\/wp-json\/wp\/v2\/users\/1"}],"replies":[{"embeddable":true,"href":"https:\/\/chateau-des-portes.bzh\/en\/wp-json\/wp\/v2\/comments?post=1081"}],"version-history":[{"count":4,"href":"https:\/\/chateau-des-portes.bzh\/en\/wp-json\/wp\/v2\/pages\/1081\/revisions"}],"predecessor-version":[{"id":2124,"href":"https:\/\/chateau-des-portes.bzh\/en\/wp-json\/wp\/v2\/pages\/1081\/revisions\/2124"}],"wp:attachment":[{"href":"https:\/\/chateau-des-portes.bzh\/en\/wp-json\/wp\/v2\/media?parent=1081"}],"wp:term":[{"taxonomy":"category","embeddable":true,"href":"https:\/\/chateau-des-portes.bzh\/en\/wp-json\/wp\/v2\/categories?post=1081"},{"taxonomy":"post_tag","embeddable":true,"href":"https:\/\/chateau-des-portes.bzh\/en\/wp-json\/wp\/v2\/tags?post=1081"}],"curies":[{"name":"wp","href":"https:\/\/api.w.org\/{rel}","templated":true}]}}