{"id":1077,"date":"2023-01-13T10:57:46","date_gmt":"2023-01-13T09:57:46","guid":{"rendered":"https:\/\/chateau-des-portes.bzh\/the-park"},"modified":"2026-04-11T05:58:02","modified_gmt":"2026-04-11T03:58:02","slug":"the-park","status":"publish","type":"page","link":"https:\/\/chateau-des-portes.bzh\/en\/the-park","title":{"rendered":"The park"},"content":{"rendered":"\n<p>Today, the park, quite simple, retains the consistency of its original layout with its long avenue and its small step-over delimiting a semi-circular arrival courtyard.<\/p>\n\n<p>During your visit, you will have the opportunity to stroll through the park and the woods over an area of several hectares.<\/p>\n\n<figure class=\"wp-block-gallery aligncenter has-nested-images columns-default is-cropped wp-block-gallery-1 is-layout-flex wp-block-gallery-is-layout-flex\">\n<figure class=\"wp-block-image size-large\"><a href=\"https:\/\/chateau-des-portes.bzh\/wp-content\/uploads\/2022\/11\/IMG_20211125_160540-scaled.jpg\"><img loading=\"lazy\" decoding=\"async\" width=\"1024\" height=\"768\" data-id=\"797\" src=\"https:\/\/chateau-des-portes.bzh\/wp-content\/uploads\/2022\/11\/IMG_20211125_160540-1024x768.jpg\" alt=\"the avenue and the arrival at the castle\" class=\"wp-image-797\" srcset=\"https:\/\/chateau-des-portes.bzh\/wp-content\/uploads\/2022\/11\/IMG_20211125_160540-1024x768.jpg 1024w, https:\/\/chateau-des-portes.bzh\/wp-content\/uploads\/2022\/11\/IMG_20211125_160540-300x225.jpg 300w, https:\/\/chateau-des-portes.bzh\/wp-content\/uploads\/2022\/11\/IMG_20211125_160540-768x576.jpg 768w, https:\/\/chateau-des-portes.bzh\/wp-content\/uploads\/2022\/11\/IMG_20211125_160540-1536x1152.jpg 1536w, https:\/\/chateau-des-portes.bzh\/wp-content\/uploads\/2022\/11\/IMG_20211125_160540-2048x1536.jpg 2048w\" sizes=\"auto, (max-width: 1024px) 100vw, 1024px\" \/><\/a><\/figure>\n\n\n\n<figure class=\"wp-block-image size-large\"><a href=\"https:\/\/chateau-des-portes.bzh\/wp-content\/uploads\/2022\/11\/IMG_20210524_075400-scaled.jpg\"><img loading=\"lazy\" decoding=\"async\" width=\"1024\" height=\"768\" data-id=\"801\" src=\"https:\/\/chateau-des-portes.bzh\/wp-content\/uploads\/2022\/11\/IMG_20210524_075400-1024x768.jpg\" alt=\"the south facade of the castle\" class=\"wp-image-801\" srcset=\"https:\/\/chateau-des-portes.bzh\/wp-content\/uploads\/2022\/11\/IMG_20210524_075400-1024x768.jpg 1024w, https:\/\/chateau-des-portes.bzh\/wp-content\/uploads\/2022\/11\/IMG_20210524_075400-300x225.jpg 300w, https:\/\/chateau-des-portes.bzh\/wp-content\/uploads\/2022\/11\/IMG_20210524_075400-768x576.jpg 768w, https:\/\/chateau-des-portes.bzh\/wp-content\/uploads\/2022\/11\/IMG_20210524_075400-1536x1152.jpg 1536w, https:\/\/chateau-des-portes.bzh\/wp-content\/uploads\/2022\/11\/IMG_20210524_075400-2048x1536.jpg 2048w\" sizes=\"auto, (max-width: 1024px) 100vw, 1024px\" \/><\/a><\/figure>\n<figcaption class=\"blocks-gallery-caption wp-element-caption\">The avenue and the main entrance to the castle<\/figcaption><\/figure>\n\n<p class=\"has-text-align-left\">Whatever the season, you will appreciate the peace and quiet of the park. Only the birds are heard.<\/p>\n\n<p>The ruins of the chapel call for meditation. The roof disappeared at the beginning of the 20th century, but there are still pretty stones in the shape of vaults.<\/p>\n\n<figure class=\"wp-block-gallery has-nested-images columns-default is-cropped wp-block-gallery-2 is-layout-flex wp-block-gallery-is-layout-flex\">\n<figure class=\"wp-block-image size-large\"><a href=\"https:\/\/chateau-des-portes.bzh\/wp-content\/uploads\/2022\/11\/IMG_20220502_205225-scaled.jpg\"><img loading=\"lazy\" decoding=\"async\" width=\"768\" height=\"1024\" data-id=\"806\" src=\"https:\/\/chateau-des-portes.bzh\/wp-content\/uploads\/2022\/11\/IMG_20220502_205225-768x1024.jpg\" alt=\"old chapel\" class=\"wp-image-806\" srcset=\"https:\/\/chateau-des-portes.bzh\/wp-content\/uploads\/2022\/11\/IMG_20220502_205225-768x1024.jpg 768w, https:\/\/chateau-des-portes.bzh\/wp-content\/uploads\/2022\/11\/IMG_20220502_205225-225x300.jpg 225w, https:\/\/chateau-des-portes.bzh\/wp-content\/uploads\/2022\/11\/IMG_20220502_205225-1152x1536.jpg 1152w, https:\/\/chateau-des-portes.bzh\/wp-content\/uploads\/2022\/11\/IMG_20220502_205225-1536x2048.jpg 1536w, https:\/\/chateau-des-portes.bzh\/wp-content\/uploads\/2022\/11\/IMG_20220502_205225-scaled.jpg 1920w\" sizes=\"auto, (max-width: 768px) 100vw, 768px\" \/><\/a><\/figure>\n\n\n\n<figure class=\"wp-block-image size-large\"><a href=\"https:\/\/chateau-des-portes.bzh\/wp-content\/uploads\/2022\/08\/112-20170220_115302.jpg\"><img loading=\"lazy\" decoding=\"async\" width=\"449\" height=\"600\" data-id=\"710\" src=\"https:\/\/chateau-des-portes.bzh\/wp-content\/uploads\/2022\/08\/112-20170220_115302.jpg\" alt=\"entrance to the old chapel\" class=\"wp-image-710\" srcset=\"https:\/\/chateau-des-portes.bzh\/wp-content\/uploads\/2022\/08\/112-20170220_115302.jpg 449w, https:\/\/chateau-des-portes.bzh\/wp-content\/uploads\/2022\/08\/112-20170220_115302-225x300.jpg 225w\" sizes=\"auto, (max-width: 449px) 100vw, 449px\" \/><\/a><\/figure>\n<figcaption class=\"blocks-gallery-caption wp-element-caption\">The ruins of the chapel<\/figcaption><\/figure>\n\n<p>On the north side, you can take the path in the middle of the park. On your left you will find the orchard where apples and pears grow. At the bottom just before the surrounding wall grow fig trees, plum trees, &#8230;<\/p>\n\n<figure class=\"wp-block-image size-large\"><a href=\"https:\/\/chateau-des-portes.bzh\/wp-content\/uploads\/2023\/02\/jardin_nord-1-scaled.webp\"><img data-dominant-color=\"768970\" data-has-transparency=\"false\" style=\"--dominant-color: #768970;\" loading=\"lazy\" decoding=\"async\" width=\"1024\" height=\"601\" src=\"https:\/\/chateau-des-portes.bzh\/wp-content\/uploads\/2023\/02\/jardin_nord-1-1024x601.webp\" alt=\"The garden on the north\" class=\"wp-image-1157 not-transparent\" srcset=\"https:\/\/chateau-des-portes.bzh\/wp-content\/uploads\/2023\/02\/jardin_nord-1-1024x601.webp 1024w, https:\/\/chateau-des-portes.bzh\/wp-content\/uploads\/2023\/02\/jardin_nord-1-300x176.webp 300w, https:\/\/chateau-des-portes.bzh\/wp-content\/uploads\/2023\/02\/jardin_nord-1-768x451.webp 768w, https:\/\/chateau-des-portes.bzh\/wp-content\/uploads\/2023\/02\/jardin_nord-1-1536x902.webp 1536w, https:\/\/chateau-des-portes.bzh\/wp-content\/uploads\/2023\/02\/jardin_nord-1-2048x1202.webp 2048w\" sizes=\"auto, (max-width: 1024px) 100vw, 1024px\" \/><\/a><figcaption class=\"wp-element-caption\">The garden on the north side<\/figcaption><\/figure>\n\n<p>On sunny days, the swimming pool will welcome you, with deckchairs and parasol.<\/p>\n\n<p>On the other side of the park you will also find maintained trails in the woods. Early in the morning you may have the opportunity to see a deer, a hare, &#8230;<\/p>\n\n<figure class=\"wp-block-image size-large\"><a href=\"https:\/\/chateau-des-portes.bzh\/wp-content\/uploads\/2022\/11\/IMG_20220618_122004-scaled.jpg\"><img loading=\"lazy\" decoding=\"async\" width=\"768\" height=\"1024\" src=\"https:\/\/chateau-des-portes.bzh\/wp-content\/uploads\/2022\/11\/IMG_20220618_122004-768x1024.jpg\" alt=\"path in the woods\" class=\"wp-image-808\" srcset=\"https:\/\/chateau-des-portes.bzh\/wp-content\/uploads\/2022\/11\/IMG_20220618_122004-768x1024.jpg 768w, https:\/\/chateau-des-portes.bzh\/wp-content\/uploads\/2022\/11\/IMG_20220618_122004-225x300.jpg 225w, https:\/\/chateau-des-portes.bzh\/wp-content\/uploads\/2022\/11\/IMG_20220618_122004-1152x1536.jpg 1152w, https:\/\/chateau-des-portes.bzh\/wp-content\/uploads\/2022\/11\/IMG_20220618_122004-1536x2048.jpg 1536w, https:\/\/chateau-des-portes.bzh\/wp-content\/uploads\/2022\/11\/IMG_20220618_122004-scaled.jpg 1920w\" sizes=\"auto, (max-width: 768px) 100vw, 768px\" \/><\/a><figcaption class=\"wp-element-caption\">One of the many trails in the woods<\/figcaption><\/figure>\n","protected":false},"excerpt":{"rendered":"<p>Today, the park, quite simple, retains the consistency of its original layout with its long avenue&#8230; <span class=\"moreLink\"><a href=\"https:\/\/chateau-des-portes.bzh\/en\/the-park\">+<\/a><\/span><\/p>\n","protected":false},"author":1,"featured_media":0,"parent":0,"menu_order":0,"comment_status":"closed","ping_status":"closed","template":"","meta":{"_acf_changed":false,"footnotes":""},"categories":[],"tags":[],"class_list":["post-1077","page","type-page","status-publish","hentry"],"acf":[],"yoast_head":"<!-- This site is optimized with the Yoast SEO plugin v27.4 - https:\/\/yoast.com\/product\/yoast-seo-wordpress\/ -->\n<title>The park - Ch\u00e2teau des Portes<\/title>\n<meta name=\"description\" content=\"The park of the Ch\u00e2teau des Portes is made up of a French garden, but also an orchard, a wood delimited by a &quot;saut-du-loup&quot;.\" \/>\n<meta name=\"robots\" content=\"index, follow, max-snippet:-1, max-image-preview:large, max-video-preview:-1\" \/>\n<link rel=\"canonical\" href=\"https:\/\/chateau-des-portes.bzh\/en\/the-park\" \/>\n<meta property=\"og:locale\" content=\"en_US\" \/>\n<meta property=\"og:type\" content=\"article\" \/>\n<meta property=\"og:title\" content=\"The park - Ch\u00e2teau des Portes\" \/>\n<meta property=\"og:description\" content=\"The park of the Ch\u00e2teau des Portes is made up of a French garden, but also an orchard, a wood delimited by a &quot;saut-du-loup&quot;.\" \/>\n<meta property=\"og:url\" content=\"https:\/\/chateau-des-portes.bzh\/en\/the-park\" \/>\n<meta property=\"og:site_name\" content=\"Ch\u00e2teau des Portes\" \/>\n<meta property=\"article:modified_time\" content=\"2026-04-11T03:58:02+00:00\" \/>\n<meta property=\"og:image\" content=\"https:\/\/chateau-des-portes.bzh\/wp-content\/uploads\/2022\/11\/IMG_20211125_160540-scaled.jpg\" \/>\n\t<meta property=\"og:image:width\" content=\"2560\" \/>\n\t<meta property=\"og:image:height\" content=\"1920\" \/>\n\t<meta property=\"og:image:type\" content=\"image\/jpeg\" \/>\n<meta name=\"twitter:card\" content=\"summary_large_image\" \/>\n<meta name=\"twitter:label1\" content=\"Est. reading time\" \/>\n\t<meta name=\"twitter:data1\" content=\"1 minute\" \/>\n<script type=\"application\/ld+json\" class=\"yoast-schema-graph\">{\"@context\":\"https:\\\/\\\/schema.org\",\"@graph\":[{\"@type\":\"WebPage\",\"@id\":\"https:\\\/\\\/chateau-des-portes.bzh\\\/en\\\/the-park\",\"url\":\"https:\\\/\\\/chateau-des-portes.bzh\\\/en\\\/the-park\",\"name\":\"The park - Ch\u00e2teau des Portes\",\"isPartOf\":{\"@id\":\"https:\\\/\\\/chateau-des-portes.bzh\\\/en#website\"},\"primaryImageOfPage\":{\"@id\":\"https:\\\/\\\/chateau-des-portes.bzh\\\/en\\\/the-park#primaryimage\"},\"image\":{\"@id\":\"https:\\\/\\\/chateau-des-portes.bzh\\\/en\\\/the-park#primaryimage\"},\"thumbnailUrl\":\"https:\\\/\\\/chateau-des-portes.bzh\\\/wp-content\\\/uploads\\\/2022\\\/11\\\/IMG_20211125_160540-1024x768.jpg\",\"datePublished\":\"2023-01-13T09:57:46+00:00\",\"dateModified\":\"2026-04-11T03:58:02+00:00\",\"description\":\"The park of the Ch\u00e2teau des Portes is made up of a French garden, but also an orchard, a wood delimited by a \\\"saut-du-loup\\\".\",\"breadcrumb\":{\"@id\":\"https:\\\/\\\/chateau-des-portes.bzh\\\/en\\\/the-park#breadcrumb\"},\"inLanguage\":\"en-US\",\"potentialAction\":[{\"@type\":\"ReadAction\",\"target\":[\"https:\\\/\\\/chateau-des-portes.bzh\\\/en\\\/the-park\"]}]},{\"@type\":\"ImageObject\",\"inLanguage\":\"en-US\",\"@id\":\"https:\\\/\\\/chateau-des-portes.bzh\\\/en\\\/the-park#primaryimage\",\"url\":\"https:\\\/\\\/chateau-des-portes.bzh\\\/wp-content\\\/uploads\\\/2022\\\/11\\\/IMG_20211125_160540-1024x768.jpg\",\"contentUrl\":\"https:\\\/\\\/chateau-des-portes.bzh\\\/wp-content\\\/uploads\\\/2022\\\/11\\\/IMG_20211125_160540-1024x768.jpg\"},{\"@type\":\"BreadcrumbList\",\"@id\":\"https:\\\/\\\/chateau-des-portes.bzh\\\/en\\\/the-park#breadcrumb\",\"itemListElement\":[{\"@type\":\"ListItem\",\"position\":1,\"name\":\"Accueil\",\"item\":\"https:\\\/\\\/chateau-des-portes.bzh\\\/en\"},{\"@type\":\"ListItem\",\"position\":2,\"name\":\"The park\"}]},{\"@type\":\"WebSite\",\"@id\":\"https:\\\/\\\/chateau-des-portes.bzh\\\/en#website\",\"url\":\"https:\\\/\\\/chateau-des-portes.bzh\\\/en\",\"name\":\"Ch\u00e2teau des Portes\",\"description\":\"Le ch\u00e2teau des Portes \u00e0 Noyal, Bretagne\",\"publisher\":{\"@id\":\"https:\\\/\\\/chateau-des-portes.bzh\\\/en#organization\"},\"potentialAction\":[{\"@type\":\"SearchAction\",\"target\":{\"@type\":\"EntryPoint\",\"urlTemplate\":\"https:\\\/\\\/chateau-des-portes.bzh\\\/en?s={search_term_string}\"},\"query-input\":{\"@type\":\"PropertyValueSpecification\",\"valueRequired\":true,\"valueName\":\"search_term_string\"}}],\"inLanguage\":\"en-US\"},{\"@type\":\"Organization\",\"@id\":\"https:\\\/\\\/chateau-des-portes.bzh\\\/en#organization\",\"name\":\"Ch\u00e2teau des Portes\",\"url\":\"https:\\\/\\\/chateau-des-portes.bzh\\\/en\",\"logo\":{\"@type\":\"ImageObject\",\"inLanguage\":\"en-US\",\"@id\":\"https:\\\/\\\/chateau-des-portes.bzh\\\/en#\\\/schema\\\/logo\\\/image\\\/\",\"url\":\"https:\\\/\\\/chateau-des-portes.bzh\\\/wp-content\\\/uploads\\\/2021\\\/02\\\/logo.jpg\",\"contentUrl\":\"https:\\\/\\\/chateau-des-portes.bzh\\\/wp-content\\\/uploads\\\/2021\\\/02\\\/logo.jpg\",\"width\":100,\"height\":73,\"caption\":\"Ch\u00e2teau des Portes\"},\"image\":{\"@id\":\"https:\\\/\\\/chateau-des-portes.bzh\\\/en#\\\/schema\\\/logo\\\/image\\\/\"}}]}<\/script>\n<!-- \/ Yoast SEO plugin. -->","yoast_head_json":{"title":"The park - Ch\u00e2teau des Portes","description":"The park of the Ch\u00e2teau des Portes is made up of a French garden, but also an orchard, a wood delimited by a \"saut-du-loup\".","robots":{"index":"index","follow":"follow","max-snippet":"max-snippet:-1","max-image-preview":"max-image-preview:large","max-video-preview":"max-video-preview:-1"},"canonical":"https:\/\/chateau-des-portes.bzh\/en\/the-park","og_locale":"en_US","og_type":"article","og_title":"The park - Ch\u00e2teau des Portes","og_description":"The park of the Ch\u00e2teau des Portes is made up of a French garden, but also an orchard, a wood delimited by a \"saut-du-loup\".","og_url":"https:\/\/chateau-des-portes.bzh\/en\/the-park","og_site_name":"Ch\u00e2teau des Portes","article_modified_time":"2026-04-11T03:58:02+00:00","og_image":[{"width":2560,"height":1920,"url":"https:\/\/chateau-des-portes.bzh\/wp-content\/uploads\/2022\/11\/IMG_20211125_160540-scaled.jpg","type":"image\/jpeg"}],"twitter_card":"summary_large_image","twitter_misc":{"Est. reading time":"1 minute"},"schema":{"@context":"https:\/\/schema.org","@graph":[{"@type":"WebPage","@id":"https:\/\/chateau-des-portes.bzh\/en\/the-park","url":"https:\/\/chateau-des-portes.bzh\/en\/the-park","name":"The park - Ch\u00e2teau des Portes","isPartOf":{"@id":"https:\/\/chateau-des-portes.bzh\/en#website"},"primaryImageOfPage":{"@id":"https:\/\/chateau-des-portes.bzh\/en\/the-park#primaryimage"},"image":{"@id":"https:\/\/chateau-des-portes.bzh\/en\/the-park#primaryimage"},"thumbnailUrl":"https:\/\/chateau-des-portes.bzh\/wp-content\/uploads\/2022\/11\/IMG_20211125_160540-1024x768.jpg","datePublished":"2023-01-13T09:57:46+00:00","dateModified":"2026-04-11T03:58:02+00:00","description":"The park of the Ch\u00e2teau des Portes is made up of a French garden, but also an orchard, a wood delimited by a \"saut-du-loup\".","breadcrumb":{"@id":"https:\/\/chateau-des-portes.bzh\/en\/the-park#breadcrumb"},"inLanguage":"en-US","potentialAction":[{"@type":"ReadAction","target":["https:\/\/chateau-des-portes.bzh\/en\/the-park"]}]},{"@type":"ImageObject","inLanguage":"en-US","@id":"https:\/\/chateau-des-portes.bzh\/en\/the-park#primaryimage","url":"https:\/\/chateau-des-portes.bzh\/wp-content\/uploads\/2022\/11\/IMG_20211125_160540-1024x768.jpg","contentUrl":"https:\/\/chateau-des-portes.bzh\/wp-content\/uploads\/2022\/11\/IMG_20211125_160540-1024x768.jpg"},{"@type":"BreadcrumbList","@id":"https:\/\/chateau-des-portes.bzh\/en\/the-park#breadcrumb","itemListElement":[{"@type":"ListItem","position":1,"name":"Accueil","item":"https:\/\/chateau-des-portes.bzh\/en"},{"@type":"ListItem","position":2,"name":"The park"}]},{"@type":"WebSite","@id":"https:\/\/chateau-des-portes.bzh\/en#website","url":"https:\/\/chateau-des-portes.bzh\/en","name":"Ch\u00e2teau des Portes","description":"Le ch\u00e2teau des Portes \u00e0 Noyal, Bretagne","publisher":{"@id":"https:\/\/chateau-des-portes.bzh\/en#organization"},"potentialAction":[{"@type":"SearchAction","target":{"@type":"EntryPoint","urlTemplate":"https:\/\/chateau-des-portes.bzh\/en?s={search_term_string}"},"query-input":{"@type":"PropertyValueSpecification","valueRequired":true,"valueName":"search_term_string"}}],"inLanguage":"en-US"},{"@type":"Organization","@id":"https:\/\/chateau-des-portes.bzh\/en#organization","name":"Ch\u00e2teau des Portes","url":"https:\/\/chateau-des-portes.bzh\/en","logo":{"@type":"ImageObject","inLanguage":"en-US","@id":"https:\/\/chateau-des-portes.bzh\/en#\/schema\/logo\/image\/","url":"https:\/\/chateau-des-portes.bzh\/wp-content\/uploads\/2021\/02\/logo.jpg","contentUrl":"https:\/\/chateau-des-portes.bzh\/wp-content\/uploads\/2021\/02\/logo.jpg","width":100,"height":73,"caption":"Ch\u00e2teau des Portes"},"image":{"@id":"https:\/\/chateau-des-portes.bzh\/en#\/schema\/logo\/image\/"}}]}},"_links":{"self":[{"href":"https:\/\/chateau-des-portes.bzh\/en\/wp-json\/wp\/v2\/pages\/1077","targetHints":{"allow":["GET"]}}],"collection":[{"href":"https:\/\/chateau-des-portes.bzh\/en\/wp-json\/wp\/v2\/pages"}],"about":[{"href":"https:\/\/chateau-des-portes.bzh\/en\/wp-json\/wp\/v2\/types\/page"}],"author":[{"embeddable":true,"href":"https:\/\/chateau-des-portes.bzh\/en\/wp-json\/wp\/v2\/users\/1"}],"replies":[{"embeddable":true,"href":"https:\/\/chateau-des-portes.bzh\/en\/wp-json\/wp\/v2\/comments?post=1077"}],"version-history":[{"count":3,"href":"https:\/\/chateau-des-portes.bzh\/en\/wp-json\/wp\/v2\/pages\/1077\/revisions"}],"predecessor-version":[{"id":2110,"href":"https:\/\/chateau-des-portes.bzh\/en\/wp-json\/wp\/v2\/pages\/1077\/revisions\/2110"}],"wp:attachment":[{"href":"https:\/\/chateau-des-portes.bzh\/en\/wp-json\/wp\/v2\/media?parent=1077"}],"wp:term":[{"taxonomy":"category","embeddable":true,"href":"https:\/\/chateau-des-portes.bzh\/en\/wp-json\/wp\/v2\/categories?post=1077"},{"taxonomy":"post_tag","embeddable":true,"href":"https:\/\/chateau-des-portes.bzh\/en\/wp-json\/wp\/v2\/tags?post=1077"}],"curies":[{"name":"wp","href":"https:\/\/api.w.org\/{rel}","templated":true}]}}