{"id":1073,"date":"2023-01-13T09:57:05","date_gmt":"2023-01-13T08:57:05","guid":{"rendered":"https:\/\/chateau-des-portes.bzh\/the-castle"},"modified":"2026-04-01T20:19:05","modified_gmt":"2026-04-01T18:19:05","slug":"the-castle","status":"publish","type":"page","link":"https:\/\/chateau-des-portes.bzh\/en\/the-castle","title":{"rendered":"The castle"},"content":{"rendered":"\n<div class=\"wp-block-columns is-layout-flex wp-container-core-columns-is-layout-9d6595d7 wp-block-columns-is-layout-flex\">\n<div class=\"wp-block-column is-layout-flow wp-block-column-is-layout-flow\">\n<figure class=\"wp-block-image size-full\"><a href=\"https:\/\/chateau-des-portes.bzh\/wp-content\/uploads\/2024\/04\/IMG20240406090818_corrige-scaled.webp\"><img data-dominant-color=\"868775\" data-has-transparency=\"false\" style=\"--dominant-color: #868775;\" loading=\"lazy\" decoding=\"async\" width=\"1707\" height=\"2560\" src=\"https:\/\/chateau-des-portes.bzh\/wp-content\/uploads\/2024\/04\/IMG20240406090818_corrige-scaled.webp\" alt=\"\" class=\"wp-image-1876 not-transparent\" srcset=\"https:\/\/chateau-des-portes.bzh\/wp-content\/uploads\/2024\/04\/IMG20240406090818_corrige-scaled.webp 1707w, https:\/\/chateau-des-portes.bzh\/wp-content\/uploads\/2024\/04\/IMG20240406090818_corrige-200x300.webp 200w, https:\/\/chateau-des-portes.bzh\/wp-content\/uploads\/2024\/04\/IMG20240406090818_corrige-683x1024.webp 683w, https:\/\/chateau-des-portes.bzh\/wp-content\/uploads\/2024\/04\/IMG20240406090818_corrige-768x1152.webp 768w, https:\/\/chateau-des-portes.bzh\/wp-content\/uploads\/2024\/04\/IMG20240406090818_corrige-1024x1536.webp 1024w, https:\/\/chateau-des-portes.bzh\/wp-content\/uploads\/2024\/04\/IMG20240406090818_corrige-1366x2048.webp 1366w\" sizes=\"auto, (max-width: 1707px) 100vw, 1707px\" \/><\/a><figcaption class=\"wp-element-caption\">Main entrance<\/figcaption><\/figure>\n<\/div>\n\n\n\n<div class=\"wp-block-column is-layout-flow wp-block-column-is-layout-flow\">\n<p>Welcome to the Ch\u00e2teau des Portes.<\/p>\n\n\n\n<p>It is a castle on a human scale. The rooms are arranged on either side of a transverse corridor which separates those facing north from those facing south. Do not hesitate to read more about the <a href=\"https:\/\/chateau-des-portes.bzh\/en\/history\">history of the castle<\/a> and consult the <a href=\"https:\/\/chateau-des-portes.bzh\/presse\/bulletin-municipal-de-noyal\">article<\/a> published in the local press.<\/p>\n\n\n\n<p>When you enter through the main door, you arrive in a hallway where you find the dining room on your right. On your left, a future library and an office.<\/p>\n\n\n\n<p>Advancing further, you come across the transverse hallway. You can see to your right, behind a double glazed door, the grand staircase leading upstairs and the one leading down to the cellars.<\/p>\n<\/div>\n<\/div>\n\n<div class=\"wp-block-columns is-layout-flex wp-container-core-columns-is-layout-9d6595d7 wp-block-columns-is-layout-flex\">\n<div class=\"wp-block-column is-layout-flow wp-block-column-is-layout-flow\">\n<p>In front of you is a double door and you enter the large living room. Of a remarkable size, the living room has a double glazed door overlooking the park to the north and is particularly bright thanks to its large bay windows. <\/p>\n\n\n\n<p>Historically balls were organized during major family events in this room.<\/p>\n\n\n\n<p>Through the left door you enter the billiard room. With its two large windows facing north and west, you can watch beautiful sunsets.<\/p>\n<\/div>\n\n\n\n<div class=\"wp-block-column is-layout-flow wp-block-column-is-layout-flow\">\n<figure class=\"wp-block-image size-full\"><a href=\"https:\/\/chateau-des-portes.bzh\/wp-content\/uploads\/2024\/04\/Meubles-babicka-vue-globale-scaled.webp\"><img data-dominant-color=\"8d877e\" data-has-transparency=\"false\" style=\"--dominant-color: #8d877e;\" loading=\"lazy\" decoding=\"async\" width=\"1920\" height=\"2560\" src=\"https:\/\/chateau-des-portes.bzh\/wp-content\/uploads\/2024\/04\/Meubles-babicka-vue-globale-scaled.webp\" alt=\"\" class=\"wp-image-1861 not-transparent\" srcset=\"https:\/\/chateau-des-portes.bzh\/wp-content\/uploads\/2024\/04\/Meubles-babicka-vue-globale-scaled.webp 1920w, https:\/\/chateau-des-portes.bzh\/wp-content\/uploads\/2024\/04\/Meubles-babicka-vue-globale-225x300.webp 225w, https:\/\/chateau-des-portes.bzh\/wp-content\/uploads\/2024\/04\/Meubles-babicka-vue-globale-768x1024.webp 768w, https:\/\/chateau-des-portes.bzh\/wp-content\/uploads\/2024\/04\/Meubles-babicka-vue-globale-1152x1536.webp 1152w, https:\/\/chateau-des-portes.bzh\/wp-content\/uploads\/2024\/04\/Meubles-babicka-vue-globale-1536x2048.webp 1536w\" sizes=\"auto, (max-width: 1920px) 100vw, 1920px\" \/><\/a><figcaption class=\"wp-element-caption\">The large living room<\/figcaption><\/figure>\n<\/div>\n<\/div>\n\n<figure class=\"wp-block-gallery has-nested-images columns-default is-cropped wp-block-gallery-1 is-layout-flex wp-block-gallery-is-layout-flex\">\n<figure class=\"wp-block-image size-large\"><a href=\"https:\/\/chateau-des-portes.bzh\/wp-content\/uploads\/2025\/06\/salon.webp\"><img data-dominant-color=\"7b6b59\" data-has-transparency=\"false\" style=\"--dominant-color: #7b6b59;\" loading=\"lazy\" decoding=\"async\" width=\"771\" height=\"1024\" data-id=\"2078\" src=\"https:\/\/chateau-des-portes.bzh\/wp-content\/uploads\/2025\/06\/salon-771x1024.webp\" alt=\"\" class=\"wp-image-2078 not-transparent\" srcset=\"https:\/\/chateau-des-portes.bzh\/wp-content\/uploads\/2025\/06\/salon-771x1024.webp 771w, https:\/\/chateau-des-portes.bzh\/wp-content\/uploads\/2025\/06\/salon-226x300.webp 226w, https:\/\/chateau-des-portes.bzh\/wp-content\/uploads\/2025\/06\/salon-768x1020.webp 768w, https:\/\/chateau-des-portes.bzh\/wp-content\/uploads\/2025\/06\/salon-1157x1536.webp 1157w, https:\/\/chateau-des-portes.bzh\/wp-content\/uploads\/2025\/06\/salon.webp 1542w\" sizes=\"auto, (max-width: 771px) 100vw, 771px\" \/><\/a><figcaption class=\"wp-element-caption\">The dinning room<\/figcaption><\/figure>\n\n\n\n<figure class=\"wp-block-image size-large\"><a href=\"https:\/\/chateau-des-portes.bzh\/wp-content\/uploads\/2025\/05\/billard3-scaled.webp\"><img data-dominant-color=\"665749\" data-has-transparency=\"false\" style=\"--dominant-color: #665749;\" loading=\"lazy\" decoding=\"async\" width=\"1024\" height=\"771\" data-id=\"2048\" src=\"https:\/\/chateau-des-portes.bzh\/wp-content\/uploads\/2025\/05\/billard3-1024x771.webp\" alt=\"\" class=\"wp-image-2048 not-transparent\" srcset=\"https:\/\/chateau-des-portes.bzh\/wp-content\/uploads\/2025\/05\/billard3-1024x771.webp 1024w, https:\/\/chateau-des-portes.bzh\/wp-content\/uploads\/2025\/05\/billard3-300x226.webp 300w, https:\/\/chateau-des-portes.bzh\/wp-content\/uploads\/2025\/05\/billard3-768x578.webp 768w, https:\/\/chateau-des-portes.bzh\/wp-content\/uploads\/2025\/05\/billard3-1536x1157.webp 1536w, https:\/\/chateau-des-portes.bzh\/wp-content\/uploads\/2025\/05\/billard3-2048x1542.webp 2048w\" sizes=\"auto, (max-width: 1024px) 100vw, 1024px\" \/><\/a><figcaption class=\"wp-element-caption\">The billiard room<\/figcaption><\/figure>\n\n\n\n<figure class=\"wp-block-image size-large\"><a href=\"https:\/\/chateau-des-portes.bzh\/wp-content\/uploads\/2025\/05\/couloir_1er_tableaux_2-scaled.webp\"><img data-dominant-color=\"7c6240\" data-has-transparency=\"false\" style=\"--dominant-color: #7c6240;\" loading=\"lazy\" decoding=\"async\" width=\"768\" height=\"1024\" data-id=\"2058\" src=\"https:\/\/chateau-des-portes.bzh\/wp-content\/uploads\/2025\/05\/couloir_1er_tableaux_2-768x1024.webp\" alt=\"\" class=\"wp-image-2058 not-transparent\" srcset=\"https:\/\/chateau-des-portes.bzh\/wp-content\/uploads\/2025\/05\/couloir_1er_tableaux_2-768x1024.webp 768w, https:\/\/chateau-des-portes.bzh\/wp-content\/uploads\/2025\/05\/couloir_1er_tableaux_2-225x300.webp 225w, https:\/\/chateau-des-portes.bzh\/wp-content\/uploads\/2025\/05\/couloir_1er_tableaux_2-1152x1536.webp 1152w, https:\/\/chateau-des-portes.bzh\/wp-content\/uploads\/2025\/05\/couloir_1er_tableaux_2-1536x2048.webp 1536w, https:\/\/chateau-des-portes.bzh\/wp-content\/uploads\/2025\/05\/couloir_1er_tableaux_2-scaled.webp 1920w\" sizes=\"auto, (max-width: 768px) 100vw, 768px\" \/><\/a><figcaption class=\"wp-element-caption\">The 1st floor hallway<\/figcaption><\/figure>\n\n\n\n<figure class=\"wp-block-image size-large\"><a href=\"https:\/\/chateau-des-portes.bzh\/wp-content\/uploads\/2024\/04\/IMG20240406090929-scaled.webp\"><img data-dominant-color=\"887b6b\" data-has-transparency=\"false\" style=\"--dominant-color: #887b6b;\" loading=\"lazy\" decoding=\"async\" width=\"768\" height=\"1024\" data-id=\"1872\" src=\"https:\/\/chateau-des-portes.bzh\/wp-content\/uploads\/2024\/04\/IMG20240406090929-768x1024.webp\" alt=\"\" class=\"wp-image-1872 not-transparent\" srcset=\"https:\/\/chateau-des-portes.bzh\/wp-content\/uploads\/2024\/04\/IMG20240406090929-768x1024.webp 768w, https:\/\/chateau-des-portes.bzh\/wp-content\/uploads\/2024\/04\/IMG20240406090929-225x300.webp 225w, https:\/\/chateau-des-portes.bzh\/wp-content\/uploads\/2024\/04\/IMG20240406090929-1152x1536.webp 1152w, https:\/\/chateau-des-portes.bzh\/wp-content\/uploads\/2024\/04\/IMG20240406090929-1536x2048.webp 1536w, https:\/\/chateau-des-portes.bzh\/wp-content\/uploads\/2024\/04\/IMG20240406090929-scaled.webp 1920w\" sizes=\"auto, (max-width: 768px) 100vw, 768px\" \/><\/a><figcaption class=\"wp-element-caption\">From the large living room to the entrance<\/figcaption><\/figure>\n\n\n\n<figure class=\"wp-block-image size-large\"><a href=\"https:\/\/chateau-des-portes.bzh\/wp-content\/uploads\/2024\/04\/IMG20240406090637-scaled.webp\"><img data-dominant-color=\"847568\" data-has-transparency=\"false\" style=\"--dominant-color: #847568;\" loading=\"lazy\" decoding=\"async\" width=\"768\" height=\"1024\" data-id=\"1874\" src=\"https:\/\/chateau-des-portes.bzh\/wp-content\/uploads\/2024\/04\/IMG20240406090637-768x1024.webp\" alt=\"\" class=\"wp-image-1874 not-transparent\" srcset=\"https:\/\/chateau-des-portes.bzh\/wp-content\/uploads\/2024\/04\/IMG20240406090637-768x1024.webp 768w, https:\/\/chateau-des-portes.bzh\/wp-content\/uploads\/2024\/04\/IMG20240406090637-225x300.webp 225w, https:\/\/chateau-des-portes.bzh\/wp-content\/uploads\/2024\/04\/IMG20240406090637-1152x1536.webp 1152w, https:\/\/chateau-des-portes.bzh\/wp-content\/uploads\/2024\/04\/IMG20240406090637-1536x2048.webp 1536w, https:\/\/chateau-des-portes.bzh\/wp-content\/uploads\/2024\/04\/IMG20240406090637-scaled.webp 1920w\" sizes=\"auto, (max-width: 768px) 100vw, 768px\" \/><\/a><figcaption class=\"wp-element-caption\">The entrance<\/figcaption><\/figure>\n\n\n\n<figure class=\"wp-block-image size-large\"><a href=\"https:\/\/chateau-des-portes.bzh\/wp-content\/uploads\/2023\/01\/IMG20230112143141-scaled.jpg\"><img loading=\"lazy\" decoding=\"async\" width=\"768\" height=\"1024\" data-id=\"874\" src=\"https:\/\/chateau-des-portes.bzh\/wp-content\/uploads\/2023\/01\/IMG20230112143141-768x1024.jpg\" alt=\"dining room buffet\" class=\"wp-image-874\" srcset=\"https:\/\/chateau-des-portes.bzh\/wp-content\/uploads\/2023\/01\/IMG20230112143141-768x1024.jpg 768w, https:\/\/chateau-des-portes.bzh\/wp-content\/uploads\/2023\/01\/IMG20230112143141-225x300.jpg 225w, https:\/\/chateau-des-portes.bzh\/wp-content\/uploads\/2023\/01\/IMG20230112143141-1152x1536.jpg 1152w, https:\/\/chateau-des-portes.bzh\/wp-content\/uploads\/2023\/01\/IMG20230112143141-1536x2048.jpg 1536w, https:\/\/chateau-des-portes.bzh\/wp-content\/uploads\/2023\/01\/IMG20230112143141-scaled.jpg 1920w\" sizes=\"auto, (max-width: 768px) 100vw, 768px\" \/><\/a><figcaption class=\"wp-element-caption\">The dining room buffet<\/figcaption><\/figure>\n\n\n\n<figure class=\"wp-block-image size-large\"><a href=\"https:\/\/chateau-des-portes.bzh\/wp-content\/uploads\/2025\/06\/salon2.webp\"><img data-dominant-color=\"74624e\" data-has-transparency=\"false\" style=\"--dominant-color: #74624e;\" loading=\"lazy\" decoding=\"async\" width=\"1024\" height=\"771\" data-id=\"2081\" src=\"https:\/\/chateau-des-portes.bzh\/wp-content\/uploads\/2025\/06\/salon2-1024x771.webp\" alt=\"\" class=\"wp-image-2081 not-transparent\" srcset=\"https:\/\/chateau-des-portes.bzh\/wp-content\/uploads\/2025\/06\/salon2-1024x771.webp 1024w, https:\/\/chateau-des-portes.bzh\/wp-content\/uploads\/2025\/06\/salon2-300x226.webp 300w, https:\/\/chateau-des-portes.bzh\/wp-content\/uploads\/2025\/06\/salon2-768x578.webp 768w, https:\/\/chateau-des-portes.bzh\/wp-content\/uploads\/2025\/06\/salon2-1536x1157.webp 1536w, https:\/\/chateau-des-portes.bzh\/wp-content\/uploads\/2025\/06\/salon2.webp 2048w\" sizes=\"auto, (max-width: 1024px) 100vw, 1024px\" \/><\/a><figcaption class=\"wp-element-caption\">The dining room table<\/figcaption><\/figure>\n<\/figure>\n\n<p>On leaving the castle, remember to visit its <a href=\"https:\/\/chateau-des-portes.bzh\/en\/the-park\">park<\/a>.<\/p>\n\n<p>During your visit, you will have access to the various common rooms of the castle: large living room, billiard room, dining room and the amenities of this level of the building.<\/p>\n\n<p>Do not hesitate to <a href=\"https:\/\/chateau-des-portes.bzh\/en\/contact\">contact<\/a> the owners if you want more information or if you want to enjoy a visit.<\/p>\n","protected":false},"excerpt":{"rendered":"<p>Welcome to the Ch\u00e2teau des Portes. It is a castle on a human scale. The rooms&#8230; <span class=\"moreLink\"><a href=\"https:\/\/chateau-des-portes.bzh\/en\/the-castle\">+<\/a><\/span><\/p>\n","protected":false},"author":1,"featured_media":0,"parent":0,"menu_order":0,"comment_status":"closed","ping_status":"closed","template":"","meta":{"_acf_changed":false,"footnotes":""},"categories":[],"tags":[],"class_list":["post-1073","page","type-page","status-publish","hentry"],"acf":[],"yoast_head":"<!-- This site is optimized with the Yoast SEO plugin v27.4 - https:\/\/yoast.com\/product\/yoast-seo-wordpress\/ -->\n<title>The castle - Ch\u00e2teau des Portes<\/title>\n<meta name=\"description\" content=\"Discover the common areas of the Ch\u00e2teau des Portes. From the large living room to the billiard room through the dining room.\" \/>\n<meta name=\"robots\" content=\"index, follow, max-snippet:-1, max-image-preview:large, max-video-preview:-1\" \/>\n<link rel=\"canonical\" href=\"https:\/\/chateau-des-portes.bzh\/en\/the-castle\" \/>\n<meta property=\"og:locale\" content=\"en_US\" \/>\n<meta property=\"og:type\" content=\"article\" \/>\n<meta property=\"og:title\" content=\"The castle - Ch\u00e2teau des Portes\" \/>\n<meta property=\"og:description\" content=\"Discover the common areas of the Ch\u00e2teau des Portes. From the large living room to the billiard room through the dining room.\" \/>\n<meta property=\"og:url\" content=\"https:\/\/chateau-des-portes.bzh\/en\/the-castle\" \/>\n<meta property=\"og:site_name\" content=\"Ch\u00e2teau des Portes\" \/>\n<meta property=\"article:modified_time\" content=\"2026-04-01T18:19:05+00:00\" \/>\n<meta property=\"og:image\" content=\"https:\/\/chateau-des-portes.bzh\/wp-content\/uploads\/2024\/04\/IMG20240406090818_corrige-scaled.webp\" \/>\n\t<meta property=\"og:image:width\" content=\"1707\" \/>\n\t<meta property=\"og:image:height\" content=\"2560\" \/>\n\t<meta property=\"og:image:type\" content=\"image\/jpeg\" \/>\n<meta name=\"twitter:card\" content=\"summary_large_image\" \/>\n<meta name=\"twitter:label1\" content=\"Est. reading time\" \/>\n\t<meta name=\"twitter:data1\" content=\"4 minutes\" \/>\n<script type=\"application\/ld+json\" class=\"yoast-schema-graph\">{\"@context\":\"https:\\\/\\\/schema.org\",\"@graph\":[{\"@type\":\"WebPage\",\"@id\":\"https:\\\/\\\/chateau-des-portes.bzh\\\/en\\\/the-castle\",\"url\":\"https:\\\/\\\/chateau-des-portes.bzh\\\/en\\\/the-castle\",\"name\":\"The castle - Ch\u00e2teau des Portes\",\"isPartOf\":{\"@id\":\"https:\\\/\\\/chateau-des-portes.bzh\\\/en#website\"},\"primaryImageOfPage\":{\"@id\":\"https:\\\/\\\/chateau-des-portes.bzh\\\/en\\\/the-castle#primaryimage\"},\"image\":{\"@id\":\"https:\\\/\\\/chateau-des-portes.bzh\\\/en\\\/the-castle#primaryimage\"},\"thumbnailUrl\":\"https:\\\/\\\/chateau-des-portes.bzh\\\/wp-content\\\/uploads\\\/2024\\\/04\\\/IMG20240406090818_corrige-scaled.webp\",\"datePublished\":\"2023-01-13T08:57:05+00:00\",\"dateModified\":\"2026-04-01T18:19:05+00:00\",\"description\":\"Discover the common areas of the Ch\u00e2teau des Portes. From the large living room to the billiard room through the dining room.\",\"breadcrumb\":{\"@id\":\"https:\\\/\\\/chateau-des-portes.bzh\\\/en\\\/the-castle#breadcrumb\"},\"inLanguage\":\"en-US\",\"potentialAction\":[{\"@type\":\"ReadAction\",\"target\":[\"https:\\\/\\\/chateau-des-portes.bzh\\\/en\\\/the-castle\"]}]},{\"@type\":\"ImageObject\",\"inLanguage\":\"en-US\",\"@id\":\"https:\\\/\\\/chateau-des-portes.bzh\\\/en\\\/the-castle#primaryimage\",\"url\":\"https:\\\/\\\/chateau-des-portes.bzh\\\/wp-content\\\/uploads\\\/2024\\\/04\\\/IMG20240406090818_corrige-scaled.webp\",\"contentUrl\":\"https:\\\/\\\/chateau-des-portes.bzh\\\/wp-content\\\/uploads\\\/2024\\\/04\\\/IMG20240406090818_corrige-scaled.webp\"},{\"@type\":\"BreadcrumbList\",\"@id\":\"https:\\\/\\\/chateau-des-portes.bzh\\\/en\\\/the-castle#breadcrumb\",\"itemListElement\":[{\"@type\":\"ListItem\",\"position\":1,\"name\":\"Accueil\",\"item\":\"https:\\\/\\\/chateau-des-portes.bzh\\\/en\"},{\"@type\":\"ListItem\",\"position\":2,\"name\":\"The castle\"}]},{\"@type\":\"WebSite\",\"@id\":\"https:\\\/\\\/chateau-des-portes.bzh\\\/en#website\",\"url\":\"https:\\\/\\\/chateau-des-portes.bzh\\\/en\",\"name\":\"Ch\u00e2teau des Portes\",\"description\":\"Le ch\u00e2teau des Portes \u00e0 Noyal, Bretagne\",\"publisher\":{\"@id\":\"https:\\\/\\\/chateau-des-portes.bzh\\\/en#organization\"},\"potentialAction\":[{\"@type\":\"SearchAction\",\"target\":{\"@type\":\"EntryPoint\",\"urlTemplate\":\"https:\\\/\\\/chateau-des-portes.bzh\\\/en?s={search_term_string}\"},\"query-input\":{\"@type\":\"PropertyValueSpecification\",\"valueRequired\":true,\"valueName\":\"search_term_string\"}}],\"inLanguage\":\"en-US\"},{\"@type\":\"Organization\",\"@id\":\"https:\\\/\\\/chateau-des-portes.bzh\\\/en#organization\",\"name\":\"Ch\u00e2teau des Portes\",\"url\":\"https:\\\/\\\/chateau-des-portes.bzh\\\/en\",\"logo\":{\"@type\":\"ImageObject\",\"inLanguage\":\"en-US\",\"@id\":\"https:\\\/\\\/chateau-des-portes.bzh\\\/en#\\\/schema\\\/logo\\\/image\\\/\",\"url\":\"https:\\\/\\\/chateau-des-portes.bzh\\\/wp-content\\\/uploads\\\/2021\\\/02\\\/logo.jpg\",\"contentUrl\":\"https:\\\/\\\/chateau-des-portes.bzh\\\/wp-content\\\/uploads\\\/2021\\\/02\\\/logo.jpg\",\"width\":100,\"height\":73,\"caption\":\"Ch\u00e2teau des Portes\"},\"image\":{\"@id\":\"https:\\\/\\\/chateau-des-portes.bzh\\\/en#\\\/schema\\\/logo\\\/image\\\/\"}}]}<\/script>\n<!-- \/ Yoast SEO plugin. -->","yoast_head_json":{"title":"The castle - Ch\u00e2teau des Portes","description":"Discover the common areas of the Ch\u00e2teau des Portes. From the large living room to the billiard room through the dining room.","robots":{"index":"index","follow":"follow","max-snippet":"max-snippet:-1","max-image-preview":"max-image-preview:large","max-video-preview":"max-video-preview:-1"},"canonical":"https:\/\/chateau-des-portes.bzh\/en\/the-castle","og_locale":"en_US","og_type":"article","og_title":"The castle - Ch\u00e2teau des Portes","og_description":"Discover the common areas of the Ch\u00e2teau des Portes. From the large living room to the billiard room through the dining room.","og_url":"https:\/\/chateau-des-portes.bzh\/en\/the-castle","og_site_name":"Ch\u00e2teau des Portes","article_modified_time":"2026-04-01T18:19:05+00:00","og_image":[{"width":1707,"height":2560,"url":"https:\/\/chateau-des-portes.bzh\/wp-content\/uploads\/2024\/04\/IMG20240406090818_corrige-scaled.webp","type":"image\/jpeg"}],"twitter_card":"summary_large_image","twitter_misc":{"Est. reading time":"4 minutes"},"schema":{"@context":"https:\/\/schema.org","@graph":[{"@type":"WebPage","@id":"https:\/\/chateau-des-portes.bzh\/en\/the-castle","url":"https:\/\/chateau-des-portes.bzh\/en\/the-castle","name":"The castle - Ch\u00e2teau des Portes","isPartOf":{"@id":"https:\/\/chateau-des-portes.bzh\/en#website"},"primaryImageOfPage":{"@id":"https:\/\/chateau-des-portes.bzh\/en\/the-castle#primaryimage"},"image":{"@id":"https:\/\/chateau-des-portes.bzh\/en\/the-castle#primaryimage"},"thumbnailUrl":"https:\/\/chateau-des-portes.bzh\/wp-content\/uploads\/2024\/04\/IMG20240406090818_corrige-scaled.webp","datePublished":"2023-01-13T08:57:05+00:00","dateModified":"2026-04-01T18:19:05+00:00","description":"Discover the common areas of the Ch\u00e2teau des Portes. From the large living room to the billiard room through the dining room.","breadcrumb":{"@id":"https:\/\/chateau-des-portes.bzh\/en\/the-castle#breadcrumb"},"inLanguage":"en-US","potentialAction":[{"@type":"ReadAction","target":["https:\/\/chateau-des-portes.bzh\/en\/the-castle"]}]},{"@type":"ImageObject","inLanguage":"en-US","@id":"https:\/\/chateau-des-portes.bzh\/en\/the-castle#primaryimage","url":"https:\/\/chateau-des-portes.bzh\/wp-content\/uploads\/2024\/04\/IMG20240406090818_corrige-scaled.webp","contentUrl":"https:\/\/chateau-des-portes.bzh\/wp-content\/uploads\/2024\/04\/IMG20240406090818_corrige-scaled.webp"},{"@type":"BreadcrumbList","@id":"https:\/\/chateau-des-portes.bzh\/en\/the-castle#breadcrumb","itemListElement":[{"@type":"ListItem","position":1,"name":"Accueil","item":"https:\/\/chateau-des-portes.bzh\/en"},{"@type":"ListItem","position":2,"name":"The castle"}]},{"@type":"WebSite","@id":"https:\/\/chateau-des-portes.bzh\/en#website","url":"https:\/\/chateau-des-portes.bzh\/en","name":"Ch\u00e2teau des Portes","description":"Le ch\u00e2teau des Portes \u00e0 Noyal, Bretagne","publisher":{"@id":"https:\/\/chateau-des-portes.bzh\/en#organization"},"potentialAction":[{"@type":"SearchAction","target":{"@type":"EntryPoint","urlTemplate":"https:\/\/chateau-des-portes.bzh\/en?s={search_term_string}"},"query-input":{"@type":"PropertyValueSpecification","valueRequired":true,"valueName":"search_term_string"}}],"inLanguage":"en-US"},{"@type":"Organization","@id":"https:\/\/chateau-des-portes.bzh\/en#organization","name":"Ch\u00e2teau des Portes","url":"https:\/\/chateau-des-portes.bzh\/en","logo":{"@type":"ImageObject","inLanguage":"en-US","@id":"https:\/\/chateau-des-portes.bzh\/en#\/schema\/logo\/image\/","url":"https:\/\/chateau-des-portes.bzh\/wp-content\/uploads\/2021\/02\/logo.jpg","contentUrl":"https:\/\/chateau-des-portes.bzh\/wp-content\/uploads\/2021\/02\/logo.jpg","width":100,"height":73,"caption":"Ch\u00e2teau des Portes"},"image":{"@id":"https:\/\/chateau-des-portes.bzh\/en#\/schema\/logo\/image\/"}}]}},"_links":{"self":[{"href":"https:\/\/chateau-des-portes.bzh\/en\/wp-json\/wp\/v2\/pages\/1073","targetHints":{"allow":["GET"]}}],"collection":[{"href":"https:\/\/chateau-des-portes.bzh\/en\/wp-json\/wp\/v2\/pages"}],"about":[{"href":"https:\/\/chateau-des-portes.bzh\/en\/wp-json\/wp\/v2\/types\/page"}],"author":[{"embeddable":true,"href":"https:\/\/chateau-des-portes.bzh\/en\/wp-json\/wp\/v2\/users\/1"}],"replies":[{"embeddable":true,"href":"https:\/\/chateau-des-portes.bzh\/en\/wp-json\/wp\/v2\/comments?post=1073"}],"version-history":[{"count":12,"href":"https:\/\/chateau-des-portes.bzh\/en\/wp-json\/wp\/v2\/pages\/1073\/revisions"}],"predecessor-version":[{"id":2182,"href":"https:\/\/chateau-des-portes.bzh\/en\/wp-json\/wp\/v2\/pages\/1073\/revisions\/2182"}],"wp:attachment":[{"href":"https:\/\/chateau-des-portes.bzh\/en\/wp-json\/wp\/v2\/media?parent=1073"}],"wp:term":[{"taxonomy":"category","embeddable":true,"href":"https:\/\/chateau-des-portes.bzh\/en\/wp-json\/wp\/v2\/categories?post=1073"},{"taxonomy":"post_tag","embeddable":true,"href":"https:\/\/chateau-des-portes.bzh\/en\/wp-json\/wp\/v2\/tags?post=1073"}],"curies":[{"name":"wp","href":"https:\/\/api.w.org\/{rel}","templated":true}]}}